{"id":5652,"date":"2025-03-15T11:57:08","date_gmt":"2025-03-15T11:57:08","guid":{"rendered":"https:\/\/pitss.com\/?page_id=5652"},"modified":"2025-03-15T12:09:39","modified_gmt":"2025-03-15T12:09:39","slug":"bewerbung-eingegangen","status":"publish","type":"page","link":"https:\/\/pitss.com\/de\/bewerbung-eingegangen\/","title":{"rendered":"Bewerbung eingegangen"},"content":{"rendered":"<div><\/div>\n<div>\n<h1 style=\"color: #ffffff;\">Wir haben deine Bewerbung erhalten<\/h1>\n<\/div>\n<div>\n<h5><span style=\"color: #ffffff;\">Deine Unterlagen wurden erfolgreich \u00fcbermittelt<\/span><\/h5>\n<\/div>\n<div>\n<p style=\"text-align: center;\">Die Bearbeitung deiner Bewerbungsunterlagen sowie der Vorauswahlprozess k\u00f6nnen bis zu zwei Wochen in Anspruch nehmen. Wir bitten dich daher um etwas Geduld. Wir werden so schnell wie m\u00f6glich wieder auf dich zukommen.<\/p>\n<p>Sollte der Bewerbungsprozess unerwartet mehr Zeit in Anspruch nehmen als \u00fcblich, werden wir so per E-Mail dar\u00fcber in Kenntnis setzen.<\/p>\n<\/div>\n<p><!--more--><br \/>\n<!-- {\"type\":\"layout\",\"children\":[{\"type\":\"section\",\"props\":{\"height\":\"pixels\",\"height_viewport\":400,\"image\":\"wp-content\\\/uploads\\\/2025\\\/03\\\/pitss-corporate-header.jpg\",\"image_position\":\"center-center\",\"image_size\":\"cover\",\"padding\":\"large\",\"padding_remove_horizontal\":false,\"padding_remove_top\":false,\"style\":\"default\",\"title_breakpoint\":\"xl\",\"title_position\":\"top-left\",\"title_rotation\":\"left\",\"vertical_align\":\"\",\"width\":\"default\",\"width_expand\":\"right\"},\"children\":[{\"type\":\"row\",\"children\":[{\"type\":\"column\",\"props\":{\"image_position\":\"center-center\",\"position_sticky_breakpoint\":\"m\"},\"children\":[{\"type\":\"text\",\"props\":{\"column_breakpoint\":\"m\",\"content\":\"<br \/>\",\"margin\":\"\"}},{\"type\":\"headline\",\"props\":{\"content\":\"\n\n<h1 style=\\\"color: #ffffff;\\\">Wir haben deine Bewerbung erhalten<\\\/h1>\",\"margin\":\"small\",\"text_align\":\"center\",\"title_element\":\"div\"}},{\"type\":\"text\",\"props\":{\"column_breakpoint\":\"m\",\"content\":\"\n\n<h5><span style=\\\"color: #ffffff;\\\">Deine Unterlagen wurden erfolgreich \\u00fcbermittelt<\\\/span><\\\/h5>\\n\",\"dropcap\":false,\"margin\":\"default\",\"position_bottom\":\"10\",\"text_align\":\"center\"}}]}],\"props\":{\"css\":\".el-row { padding-right: 200px; }\",\"html_element\":\"section\"}}]},{\"type\":\"section\",\"props\":{\"css\":\".el-section{\\n    background:#fafafa;\\n}\",\"image_position\":\"center-center\",\"style\":\"default\",\"title_breakpoint\":\"xl\",\"title_position\":\"top-left\",\"title_rotation\":\"left\",\"vertical_align\":\"middle\",\"width\":\"default\"},\"children\":[{\"type\":\"row\",\"children\":[{\"type\":\"column\",\"props\":{\"image_position\":\"center-center\",\"position_sticky_breakpoint\":\"m\"},\"children\":[{\"type\":\"text\",\"props\":{\"column_breakpoint\":\"m\",\"content\":\"\n\n<p style=\\\"text-align: center;\\\">Die Bearbeitung deiner Bewerbungsunterlagen sowie der Vorauswahlprozess k\\u00f6nnen bis zu zwei Wochen in Anspruch nehmen. Wir bitten dich daher um etwas Geduld. Wir werden so schnell wie m\\u00f6glich wieder auf dich zukommen.\\n\n\nSollte der Bewerbungsprozess unerwartet mehr Zeit in Anspruch nehmen als \\u00fcblich, werden wir so per E-Mail dar\\u00fcber in Kenntnis setzen.<\\\/p>\",\"css\":\".el-element {padding-right: 50px;\\n    padding-left: 50px; }\",\"margin\":\"default\"}}]}]}]}],\"version\":\"4.4.5\"} --><\/p>\n","protected":false},"excerpt":{"rendered":"<p>Wir haben deine Bewerbung erhalten Deine Unterlagen wurden erfolgreich \u00fcbermittelt Die Bearbeitung deiner Bewerbungsunterlagen sowie der Vorauswahlprozess k\u00f6nnen bis zu zwei Wochen in Anspruch nehmen. Wir bitten dich daher um etwas Geduld. Wir werden so schnell wie m\u00f6glich wieder auf dich zukommen. Sollte der Bewerbungsprozess unerwartet mehr Zeit in Anspruch nehmen als \u00fcblich, werden wir [&hellip;]<\/p>\n","protected":false},"author":1,"featured_media":0,"parent":0,"menu_order":0,"comment_status":"closed","ping_status":"closed","template":"","meta":{"footnotes":""},"class_list":["post-5652","page","type-page","status-publish","hentry"],"_links":{"self":[{"href":"https:\/\/pitss.com\/de\/wp-json\/wp\/v2\/pages\/5652","targetHints":{"allow":["GET"]}}],"collection":[{"href":"https:\/\/pitss.com\/de\/wp-json\/wp\/v2\/pages"}],"about":[{"href":"https:\/\/pitss.com\/de\/wp-json\/wp\/v2\/types\/page"}],"author":[{"embeddable":true,"href":"https:\/\/pitss.com\/de\/wp-json\/wp\/v2\/users\/1"}],"replies":[{"embeddable":true,"href":"https:\/\/pitss.com\/de\/wp-json\/wp\/v2\/comments?post=5652"}],"version-history":[{"count":7,"href":"https:\/\/pitss.com\/de\/wp-json\/wp\/v2\/pages\/5652\/revisions"}],"predecessor-version":[{"id":5661,"href":"https:\/\/pitss.com\/de\/wp-json\/wp\/v2\/pages\/5652\/revisions\/5661"}],"wp:attachment":[{"href":"https:\/\/pitss.com\/de\/wp-json\/wp\/v2\/media?parent=5652"}],"curies":[{"name":"wp","href":"https:\/\/api.w.org\/{rel}","templated":true}]}}