{"id":3925,"date":"2025-01-17T08:54:00","date_gmt":"2025-01-17T08:54:00","guid":{"rendered":"https:\/\/pitss.com\/?page_id=3925"},"modified":"2025-01-17T09:03:35","modified_gmt":"2025-01-17T09:03:35","slug":"impressum","status":"publish","type":"page","link":"https:\/\/pitss.com\/de\/impressum\/","title":{"rendered":"Impressum"},"content":{"rendered":"<div>\n<h4>Angaben gem\u00e4\u00df \u00a7 5 TMG:<\/h4>\n<p>PITSS GmbH<br \/>\n<br \/>Wankelstra\u00dfe 3<br \/>\n<br \/>70563 Stuttgart<\/p>\n<h5>Vertreten durch:<\/h5>\n<p>Andreas Gaede<\/p>\n<h5>Kontakt:<\/h5>\n<p>Telefon:\t0711 \/ 91 40 12 0<br \/>\n<br \/>Telefax:\t0711 \/ 91 40 12 11<br \/>\n<br \/>E-Mail:\tvertrieb@pitss.de<\/p>\n<h4>Registereintrag:<\/h4>\n<p>Eintragung im Handelsregister.<br \/>\n<br \/>Registergericht:Stuttgart<br \/>\n<br \/>Registernummer: HRB752695<\/p>\n<p>Umsatzsteuer-Identifikationsnummer<br \/>\n<br \/>gem\u00e4\u00df \u00a727 a Umsatzsteuergesetz:<br \/>\n<br \/>DE812716337<\/p>\n<h4>Angaben zur Berufshaftpflichtversicherung:<\/h4>\n<p>Name und Sitz desVersicherers:<br \/>\n<br \/>\nAllianz Versicherungs-AG<br \/>\n<br \/>10900 Berlin<\/p>\n<p>Wir sind nicht bereit oder verpflichtet, an Streitbeilegungsverfahren<br \/>\nvor einer Verbraucherschlichtungsstelle teilzunehmen.<\/p>\n<h4>Haftung f\u00fcr Inhalte<\/h4>\n<p>Als Diensteanbieter sind wir gem\u00e4\u00df \u00a7 7 Abs.1 TMG f\u00fcr eigene Inhalte auf diesen Seiten nach den allgemeinen Gesetzen verantwortlich. Nach \u00a7\u00a7 8 bis 10 TMG sind wir als Diensteanbieter jedoch nicht verpflichtet, \u00fcbermittelte oder gespeicherte fremde Informationen zu \u00fcberwachen oder nach Umst\u00e4nden zu forschen, die auf eine rechtswidrige T\u00e4tigkeit hinweisen.<\/p>\n<p>Verpflichtungen zur Entfernung oder Sperrung der Nutzung von Informationen nach den allgemeinen Gesetzen bleiben hiervon unber\u00fchrt. Eine diesbez\u00fcgliche Haftung ist jedoch erst ab dem Zeitpunkt der Kenntnis einer konkreten Rechtsverletzung m\u00f6glich. Bei Bekanntwerden von entsprechenden Rechtsverletzungen werden wir diese Inhalte umgehend entfernen.<\/p>\n<h4>Haftung f\u00fcr Links<\/h4>\n<p>Unser Angebot enth\u00e4lt Links zu externen Webseiten Dritter, auf deren Inhalte wir keinen Einfluss haben. Deshalb k\u00f6nnen wir f\u00fcr diese fremden Inhalte auch keine Gew\u00e4hr \u00fcbernehmen. F\u00fcr die Inhalte der verlinkten Seiten ist stets der jeweilige Anbieter oder Betreiber der Seiten verantwortlich. Die verlinkten Seiten wurden zum Zeitpunkt der Verlinkung auf m\u00f6gliche Rechtsverst\u00f6\u00dfe \u00fcberpr\u00fcft. Rechtswidrige Inhalte waren zum Zeitpunkt der Verlinkung nicht erkennbar.<\/p>\n<p>Eine permanente inhaltliche Kontrolle der verlinkten Seiten ist jedoch ohne konkrete Anhaltspunkte einer Rechtsverletzung nicht zumutbar. Bei Bekanntwerden von Rechtsverletzungen werden wir derartige Links umgehend entfernen.<\/p>\n<h4>Urheberrecht<\/h4>\n<p>Die durch die Seitenbetreiber erstellten Inhalte und Werke auf diesen Seiten unterliegen dem deutschen Urheberrecht. Die Vervielf\u00e4ltigung, Bearbeitung, Verbreitung und jede Art der Verwertung au\u00dferhalb der Grenzen des Urheberrechtes bed\u00fcrfen der schriftlichen Zustimmung des jeweiligen Autors bzw. Erstellers. Downloads und Kopien dieser Seite sind nur f\u00fcr den privaten, nicht kommerziellen Gebrauch gestattet.<\/p>\n<p>Soweit die Inhalte auf dieser Seite nicht vom Betreiber erstellt wurden, werden die Urheberrechte Dritter beachtet. Insbesondere werden Inhalte Dritter als solche gekennzeichnet. Sollten Sie trotzdem auf eine Urheberrechtsverletzung aufmerksam werden, bitten wir um einen entsprechenden Hinweis. Bei Bekanntwerden von Rechtsverletzungen werden wir derartige Inhalte umgehend entfernen.<\/p>\n<p><a href=\"\/datenschutzerklaerung\">Zur Datenschutzerkl\u00e4rung<\/a><\/p>\n<p>Quelle: <a href=\"https:\/\/www.e-recht24.de\/\" target=\"_blank\" rel=\"noopener\">eRecht24<\/a><\/div>\n<p><!--more--><br \/>\n<!-- {\"type\":\"layout\",\"children\":[{\"type\":\"section\",\"props\":{\"image_position\":\"center-center\",\"style\":\"default\",\"title_breakpoint\":\"xl\",\"title_position\":\"top-left\",\"title_rotation\":\"left\",\"vertical_align\":\"middle\",\"width\":\"default\"},\"children\":[{\"type\":\"row\",\"children\":[{\"type\":\"column\",\"props\":{\"image_position\":\"center-center\",\"position_sticky_breakpoint\":\"m\"},\"children\":[{\"type\":\"text\",\"props\":{\"column_breakpoint\":\"m\",\"content\":\"\n\n<h4>Angaben gem\\u00e4\\u00df \\u00a7 5 TMG:<\\\/h4>\\nPITSS GmbH\\n<br \/>Wankelstra\\u00dfe 3\\n<br \/>70563 Stuttgart\\n\n\n\\n\n\n<h5>Vertreten durch:<\\\/h5>\\nAndreas Gaede\\n\n\n<h5>Kontakt:<\\\/h5>\\nTelefon:\\t0711 \\\/ 91 40 12 0\\n<br \/>Telefax:\\t0711 \\\/ 91 40 12 11\\n<br \/>E-Mail:\\tvertrieb@pitss.de\\n\n\n<h4>Registereintrag:<\\\/h4>\\nEintragung im Handelsregister.\\n<br \/>Registergericht:Stuttgart\\n<br \/>Registernummer: HRB752695\\n\n\n\\nUmsatzsteuer-Identifikationsnummer\\n<br \/>gem\\u00e4\\u00df \\u00a727 a Umsatzsteuergesetz:\\n<br \/>DE812716337\\n\\n\n\n<h4>Angaben zur Berufshaftpflichtversicherung:<\\\/h4>\\nName und Sitz desVersicherers:\\n<br \/>\\nAllianz Versicherungs-AG\\n<br \/>10900 Berlin\\n\n\n\\nWir sind nicht bereit oder verpflichtet, an Streitbeilegungsverfahren\\nvor einer Verbraucherschlichtungsstelle teilzunehmen.\\n\\n\n\n<h4>Haftung f\\u00fcr Inhalte<\\\/h4>\\nAls Diensteanbieter sind wir gem\\u00e4\\u00df \\u00a7 7 Abs.1 TMG f\\u00fcr eigene Inhalte auf diesen Seiten nach den allgemeinen Gesetzen verantwortlich. Nach \\u00a7\\u00a7 8 bis 10 TMG sind wir als Diensteanbieter jedoch nicht verpflichtet, \\u00fcbermittelte oder gespeicherte fremde Informationen zu \\u00fcberwachen oder nach Umst\\u00e4nden zu forschen, die auf eine rechtswidrige T\\u00e4tigkeit hinweisen.\\n\n\n\\nVerpflichtungen zur Entfernung oder Sperrung der Nutzung von Informationen nach den allgemeinen Gesetzen bleiben hiervon unber\\u00fchrt. Eine diesbez\\u00fcgliche Haftung ist jedoch erst ab dem Zeitpunkt der Kenntnis einer konkreten Rechtsverletzung m\\u00f6glich. Bei Bekanntwerden von entsprechenden Rechtsverletzungen werden wir diese Inhalte umgehend entfernen.\\n\\n\n\n<h4>Haftung f\\u00fcr Links<\\\/h4>\\nUnser Angebot enth\\u00e4lt Links zu externen Webseiten Dritter, auf deren Inhalte wir keinen Einfluss haben. Deshalb k\\u00f6nnen wir f\\u00fcr diese fremden Inhalte auch keine Gew\\u00e4hr \\u00fcbernehmen. F\\u00fcr die Inhalte der verlinkten Seiten ist stets der jeweilige Anbieter oder Betreiber der Seiten verantwortlich. Die verlinkten Seiten wurden zum Zeitpunkt der Verlinkung auf m\\u00f6gliche Rechtsverst\\u00f6\\u00dfe \\u00fcberpr\\u00fcft. Rechtswidrige Inhalte waren zum Zeitpunkt der Verlinkung nicht erkennbar.\\n\n\n\\nEine permanente inhaltliche Kontrolle der verlinkten Seiten ist jedoch ohne konkrete Anhaltspunkte einer Rechtsverletzung nicht zumutbar. Bei Bekanntwerden von Rechtsverletzungen werden wir derartige Links umgehend entfernen.\\n\\n\n\n<h4>Urheberrecht<\\\/h4>\\nDie durch die Seitenbetreiber erstellten Inhalte und Werke auf diesen Seiten unterliegen dem deutschen Urheberrecht. Die Vervielf\\u00e4ltigung, Bearbeitung, Verbreitung und jede Art der Verwertung au\\u00dferhalb der Grenzen des Urheberrechtes bed\\u00fcrfen der schriftlichen Zustimmung des jeweiligen Autors bzw. Erstellers. Downloads und Kopien dieser Seite sind nur f\\u00fcr den privaten, nicht kommerziellen Gebrauch gestattet.\\n\n\n\\nSoweit die Inhalte auf dieser Seite nicht vom Betreiber erstellt wurden, werden die Urheberrechte Dritter beachtet. Insbesondere werden Inhalte Dritter als solche gekennzeichnet. Sollten Sie trotzdem auf eine Urheberrechtsverletzung aufmerksam werden, bitten wir um einen entsprechenden Hinweis. Bei Bekanntwerden von Rechtsverletzungen werden wir derartige Inhalte umgehend entfernen.\\n\\n \\n\n\n\\n<a href=\\\"datenschutzerklaerung\\\">Zur Datenschutzerkl\\u00e4rung<\\\/a>\\n\n\nQuelle: <a href=\\\"https:\\\/\\\/www.e-recht24.de\\\/\\\">eRecht24<\\\/a>\",\"margin\":\"default\"}}]}]}]}],\"version\":\"4.4.5\"} --><\/p>\n","protected":false},"excerpt":{"rendered":"<p>Angaben gem\u00e4\u00df \u00a7 5 TMG: PITSS GmbH Wankelstra\u00dfe 3 70563 Stuttgart Vertreten durch: Andreas Gaede Kontakt: Telefon: 0711 \/ 91 40 12 0 Telefax: 0711 \/ 91 40 12 11 E-Mail: vertrieb@pitss.de Registereintrag: Eintragung im Handelsregister. Registergericht:Stuttgart Registernummer: HRB752695 Umsatzsteuer-Identifikationsnummer gem\u00e4\u00df \u00a727 a Umsatzsteuergesetz: DE812716337 Angaben zur Berufshaftpflichtversicherung: Name und Sitz desVersicherers: Allianz Versicherungs-AG 10900 [&hellip;]<\/p>\n","protected":false},"author":1,"featured_media":0,"parent":0,"menu_order":0,"comment_status":"closed","ping_status":"closed","template":"","meta":{"footnotes":""},"class_list":["post-3925","page","type-page","status-publish","hentry"],"_links":{"self":[{"href":"https:\/\/pitss.com\/de\/wp-json\/wp\/v2\/pages\/3925","targetHints":{"allow":["GET"]}}],"collection":[{"href":"https:\/\/pitss.com\/de\/wp-json\/wp\/v2\/pages"}],"about":[{"href":"https:\/\/pitss.com\/de\/wp-json\/wp\/v2\/types\/page"}],"author":[{"embeddable":true,"href":"https:\/\/pitss.com\/de\/wp-json\/wp\/v2\/users\/1"}],"replies":[{"embeddable":true,"href":"https:\/\/pitss.com\/de\/wp-json\/wp\/v2\/comments?post=3925"}],"version-history":[{"count":2,"href":"https:\/\/pitss.com\/de\/wp-json\/wp\/v2\/pages\/3925\/revisions"}],"predecessor-version":[{"id":3927,"href":"https:\/\/pitss.com\/de\/wp-json\/wp\/v2\/pages\/3925\/revisions\/3927"}],"wp:attachment":[{"href":"https:\/\/pitss.com\/de\/wp-json\/wp\/v2\/media?parent=3925"}],"curies":[{"name":"wp","href":"https:\/\/api.w.org\/{rel}","templated":true}]}}