{"id":3615,"date":"2025-01-08T09:56:07","date_gmt":"2025-01-08T09:56:07","guid":{"rendered":"https:\/\/pitss.bow-labs.de\/?page_id=3615"},"modified":"2025-02-05T13:40:11","modified_gmt":"2025-02-05T13:40:11","slug":"management","status":"publish","type":"page","link":"https:\/\/pitss.com\/de\/management\/","title":{"rendered":"Management"},"content":{"rendered":"<div><\/div>\n<div>\n<h1><span style=\"color:#ffffff;\">Das Management Team<br \/>\n<\/span><\/h1>\n<\/div>\n<div>\n<h5><span style=\"color:#ffffff;\">In der Verantwortung bei PITSS<\/span><\/h5>\n<\/div>\n<p>\n    <a href=\"#contact\">Kontakt aufnehmen<\/a>\n<\/p>\n<h1>\n<h2 style=\"text-align: center;\"><span style=\"color:#2f3f92;\">Wir sind PITSS.<\/span> Wir inspirieren. Wir modernisieren.<br \/>\nWir bringen Sie weiter! <\/h2>\n<\/h1>\n<p><img decoding=\"async\" src=\"\/wp-content\/uploads\/2024\/07\/speaker-andreas-gaede-1.webp\" alt=\"\"><\/p>\n<div>\n<span style=\"font-size: 20px;\"><strong>Andreas Gaede<br \/>\n<\/strong><\/span><br \/><span style=\"font-size: 20px;\">Gesch\u00e4ftsf\u00fchrer<\/span><\/p>\n<p>Andreas Gaede ist Mitbegr\u00fcnder der PITSS GmbH und gesch\u00e4ftsf\u00fchrender Gesellschafter seit 1999. Als ma\u00dfgeblicher Erfinder der PITSS Produkte steht er wie kein Anderer f\u00fcr die Automation in der Anwendungsentwicklung und Anwendungsmodernisierung.<\/p>\n<p>Seine Devise: <i>\u201cEin Optimum von Kosten und Zeit bei h\u00f6chster Qualit\u00e4t kann bei der heutigen Komplexit\u00e4t nur noch durch den Einsatz von innovativen, methodisch getriebenen Softwarel\u00f6sungen erreicht werden.\u201d<\/i><\/p>\n<p><a href=\"mailto: agaede@pitss.com\">agaede@pitss.com<\/a>&nbsp;&nbsp;&nbsp;&nbsp;&nbsp;&nbsp;<a href=\"https:\/\/www.linkedin.com\/in\/andreas-gaede-0409351\/\" target=\"_blank\" rel=\"noopener\"><img decoding=\"async\" src=\"https:\/\/pitss.com\/wp-content\/uploads\/2024\/08\/LinkedIn-grau.webp\" height=\"30px\" width=\"30px\"><\/a>\n<\/div>\n<div>\n<span style=\"font-size: 20px;\"><strong>Stephan LaRocca<br \/>\n<\/strong><\/span><br \/><span style=\"font-size: 20px;\">Business Development<\/span><\/p>\n<p>Seit 2013 ist Datenbanken und Anwendungs-Experte Stephan La Rocca bei PITSS. Sein Fokus liegt auf Modernisierungsprojekten. 2017 hat er die strategisch wichtige Rolle des Business Development Managers \u00fcbernommen, um PITSS Kunden noch schneller und n\u00e4her an neue Innovationen und Technologien heranzuf\u00fchren.<\/p>\n<p>Seine Philosophie: <i>\u201cDie Bed\u00fcrfnisse unseres Kunden werden zu den Bed\u00fcrfnissen unserer Mitarbeiter. Das ist unsere Erfolgsformel.\u201c<\/i><\/p>\n<p><a href=\"https:\/\/www.linkedin.com\/in\/stephan-la-rocca-2733b9112\/\" target=\"_blank\" rel=\"noopener\"><img decoding=\"async\" src=\"https:\/\/pitss.com\/wp-content\/uploads\/2024\/08\/LinkedIn-grau.webp\" height=\"30px\" width=\"30px\"><\/a>&nbsp;&nbsp;<a href=\"https:\/\/twitter.com\/StephanLaRocca\" target=\"_blank\" rel=\"noopener\"><img decoding=\"async\" src=\"https:\/\/pitss.com\/wp-content\/uploads\/2024\/10\/x-twitter.webp\" height=\"40px\" width=\"40px\"><\/a>&nbsp;&nbsp;&nbsp;&nbsp;&nbsp;&nbsp;<a href=\"mailto: slarocca@pitss.com\n\">slarocca@pitss.com<br \/>\n<\/a>\n<\/div>\n<p><img decoding=\"async\" src=\"\/wp-content\/uploads\/2025\/01\/Fotos-Management-WebStephan.jpg\" alt=\"\"><br \/>\n<img decoding=\"async\" src=\"\/wp-content\/uploads\/2025\/01\/Fotos-Management-Sacha.jpg\" alt=\"\"><\/p>\n<div>\n<span style=\"font-size: 20px;\"><strong>Sacha Sander<br \/>\n<\/strong><\/span><br \/><span style=\"font-size: 20px;\">Sales<\/span><\/p>\n<p>Sacha Sander steht an der Spitze unseres Vertriebs und kennt sehr genau die Bed\u00fcrfnisse und Anspr\u00fcche von Unternehmen, die Oracle Applikationen im Einsatz haben. F\u00fcr PITSS ist er von Anfang an dabei.<\/p>\n<p>Seine Motivation: <i>\u201eBegeisterte Kunden weltweit, die mit unserer Software Ihre Anwendungen spielend optimieren und modernisieren. Unsere Kunden k\u00f6nnen es oft kaum glauben, wie viel Zeit und Kosten sie mit unseren Produkten in ihren Projekten eingespart haben.\u201d<\/i><\/p>\n<p><a href=\"mailto: \nssander@pitss.com\"><br \/>\nssander@pitss.com<\/a>&nbsp;&nbsp;&nbsp;&nbsp;&nbsp;&nbsp;<a href=\"https:\/\/www.linkedin.com\/in\/sacha-sander-9376864\/\" target=\"_blank\" rel=\"noopener\"><img decoding=\"async\" src=\"https:\/\/pitss.com\/wp-content\/uploads\/2024\/08\/LinkedIn-grau.webp\" height=\"30px\" width=\"30px\"><\/a><\/p>\n<\/div>\n<div>\n<span style=\"font-size: 20px;\"><strong>Bernd Frost<br \/>\n<\/strong><\/span><br \/><span style=\"font-size: 20px;\">Consulting<\/span><\/p>\n<p>Seit 2021 verantwortet Bernd Frost den PITSS Consulting Bereich. Mit \u00fcber 30 Jahren Erfahrung als Consultant und Projektleiter in IT Projekten wei\u00df er, dass Kundenzufriedenheit der Schl\u00fcssel zu erfolgreichen Projekten ist.<\/p>\n<p>Sein Motto: <i>\u201cLiefern wie bestellt!\u201c<\/i><\/p>\n<p><a href=\"https:\/\/www.linkedin.com\/in\/bernd-frost-0080a7a5\/\" target=\"_blank\" rel=\"noopener\"><img decoding=\"async\" src=\"https:\/\/pitss.com\/wp-content\/uploads\/2024\/08\/LinkedIn-grau.webp\" height=\"30px\" width=\"30px\"><\/a>&nbsp;&nbsp;&nbsp;&nbsp;&nbsp;&nbsp;<a href=\"mailto: bfrost@pitss.com\">bfrost@pitss.com<\/a><\/div>\n<p><img decoding=\"async\" src=\"\/wp-content\/uploads\/2025\/01\/Fotos-Management-Bernd.jpg\" alt=\"\"><br \/>\n<img decoding=\"async\" src=\"\/wp-content\/uploads\/2025\/01\/Michael.jpg\" alt=\"\"><\/p>\n<div>\n<span style=\"font-size: 20px;\"><strong>Michael Kr\u00f6z<br \/>\n<\/strong><\/span><br \/><span style=\"font-size: 20px;\">Finance<\/span><\/p>\n<p>Unsere Zahlen hat Michael Kr\u00f6z seit 2008 fest im Griff. Er leitet das PITSS Backoffice.<\/p>\n<p>Seine Faszination : <i>\u201cWir sind mit unseren Produkten, Methoden und Prozessen konsequent in der Lage, dass unsere Kunden in ihren Projekten ein Maximum an Wirtschaftlichkeit erzielen.\u201d<\/i><\/p>\n<p><a href=\"mailto: mkroez@pitss.com\">mkroez@pitss.com<\/a>\n<\/div>\n<div>\n<span style=\"font-size: 20px;\"><strong>Cathrin Cambensi<\/strong><\/span><br \/><span style=\"font-size: 20px;\">Marketing<\/span><\/p>\n<p>Cathrin Cambensi ist seit 2006 f\u00fcr das Marketing und die \u00d6ffentlichkeitsarbeit des Unternehmens und seiner Produkte und L\u00f6sungen verantwortlich.<\/p>\n<p>Ihr Spirit: <i>\u201cWir haben einzigartige Produkte und Methoden, weil sie die dienstleistungsorientierte IT-Servicelandschaft revolutionieren. Das begeistert unsere Kunden aber auch uns im Team, denn wir d\u00fcrfen die Botschaft \u201cSimplifying complexity\u201d nach au\u00dfen tragen.\u201d<\/i><\/p>\n<p><a href=\"https:\/\/www.linkedin.com\/in\/cathrin-cambensi-9926203\/\" target=\"_blank\" rel=\"noopener\"><img decoding=\"async\" src=\"https:\/\/pitss.com\/wp-content\/uploads\/2024\/08\/LinkedIn-grau.webp\" height=\"30px\" width=\"30px\"><\/a>&nbsp;&nbsp;<a href=\"https:\/\/twitter.com\/CathrinCambensi\" target=\"_blank\" rel=\"noopener\"><img decoding=\"async\" src=\"https:\/\/pitss.com\/wp-content\/uploads\/2024\/10\/x-twitter.webp\" height=\"40px\" width=\"40px\"><\/a>&nbsp;&nbsp;&nbsp;&nbsp;&nbsp;&nbsp;<a href=\"mailto: ccambensi@pitss.com\">ccambensi@pitss.com<\/a>\n<\/div>\n<p><img decoding=\"async\" src=\"\/wp-content\/uploads\/2025\/01\/Fotos-ManagementCathrin.jpg\" alt=\"\"><\/p>\n<p><!--more--><br \/>\n<!-- {\"type\":\"layout\",\"children\":[{\"type\":\"section\",\"props\":{\"height\":\"pixels\",\"height_viewport\":700,\"image\":\"wp-content\\\/uploads\\\/2024\\\/08\\\/Header-ueberPitss2000x950px.webp\",\"image_position\":\"center-center\",\"image_size\":\"cover\",\"padding\":\"large\",\"padding_remove_horizontal\":false,\"padding_remove_top\":false,\"style\":\"default\",\"title_breakpoint\":\"xl\",\"title_position\":\"top-left\",\"title_rotation\":\"left\",\"vertical_align\":\"\",\"width\":\"default\",\"width_expand\":\"right\"},\"children\":[{\"type\":\"row\",\"children\":[{\"type\":\"column\",\"props\":{\"image_position\":\"center-center\",\"position_sticky_breakpoint\":\"m\"},\"children\":[{\"type\":\"text\",\"props\":{\"column_breakpoint\":\"m\",\"content\":\"<br \/>\",\"margin\":\"\"}},{\"type\":\"headline\",\"props\":{\"content\":\"\n\n<h1><span style=\\\"color:#ffffff;\\\">Das Management Team\\n<\\\/span><\\\/h1>\",\"margin\":\"small\",\"title_element\":\"div\"}},{\"type\":\"text\",\"props\":{\"column_breakpoint\":\"m\",\"content\":\"\n\n<h5><span style=\\\"color:#ffffff;\\\">In der Verantwortung bei PITSS<\\\/span><\\\/h5>\\n\",\"dropcap\":false,\"margin\":\"default\",\"position_bottom\":\"10\"}},{\"type\":\"button\",\"props\":{\"class\":\"darkbluebutton\",\"grid_column_gap\":\"small\",\"grid_row_gap\":\"small\",\"margin\":\"default\"},\"children\":[{\"type\":\"button_item\",\"props\":{\"button_style\":\"default\",\"content\":\"Kontakt aufnehmen\",\"icon\":\"chevron-right\",\"icon_align\":\"right\",\"link\":\"#contact\"}}]}]}],\"props\":{\"html_element\":\"section\"}}]},{\"type\":\"section\",\"props\":{\"image_position\":\"center-center\",\"padding_remove_top\":true,\"style\":\"default\",\"title_breakpoint\":\"xl\",\"title_position\":\"top-left\",\"title_rotation\":\"left\",\"vertical_align\":\"middle\",\"width\":\"default\"},\"children\":[{\"type\":\"row\",\"children\":[{\"type\":\"column\",\"props\":{\"image_position\":\"center-center\",\"position_sticky_breakpoint\":\"m\"},\"children\":[{\"type\":\"headline\",\"props\":{\"content\":\"\n\n<h2 style=\\\"text-align: center;\\\"><span style=\\\"color:#2f3f92;\\\">Wir sind PITSS.<\\\/span> Wir inspirieren. Wir modernisieren.<br \/>\\nWir bringen Sie weiter! <\\\/h2>\",\"title_element\":\"h1\"}}]}]},{\"type\":\"row\",\"props\":{\"layout\":\"1-3,2-3\"},\"children\":[{\"type\":\"column\",\"props\":{\"image_position\":\"center-center\",\"position_sticky_breakpoint\":\"m\",\"width_medium\":\"1-3\"},\"children\":[{\"type\":\"image\",\"props\":{\"image\":\"wp-content\\\/uploads\\\/2024\\\/07\\\/speaker-andreas-gaede-1.webp\",\"image_border\":\"rounded\",\"image_height\":320,\"image_svg_color\":\"emphasis\",\"margin\":\"default\",\"text_align\":\"right\"}}]},{\"type\":\"column\",\"props\":{\"image_position\":\"center-center\",\"position_sticky_breakpoint\":\"m\",\"width_medium\":\"2-3\"},\"children\":[{\"type\":\"text\",\"props\":{\"column_breakpoint\":\"m\",\"content\":\"\\n<span style=\\\"font-size: 20px;\\\"><strong>Andreas Gaede\\n<\\\/strong><\\\/span><br \/><span style=\\\"font-size: 20px;\\\">Gesch\\u00e4ftsf\\u00fchrer<\\\/span>\\n\\n<br \\\/><br \/>\\nAndreas Gaede ist Mitbegr\\u00fcnder der PITSS GmbH und gesch\\u00e4ftsf\\u00fchrender Gesellschafter seit 1999. Als ma\\u00dfgeblicher Erfinder der PITSS Produkte steht er wie kein Anderer f\\u00fcr die Automation in der Anwendungsentwicklung und Anwendungsmodernisierung.\\n<br \\\/><br \/>\\nSeine Devise: <i>\\u201cEin Optimum von Kosten und Zeit bei h\\u00f6chster Qualit\\u00e4t kann bei der heutigen Komplexit\\u00e4t nur noch durch den Einsatz von innovativen, methodisch getriebenen Softwarel\\u00f6sungen erreicht werden.\\u201d<\\\/i>\n\n<a href=\\\"mailto: agaede@pitss.com\\\">agaede@pitss.com<\\\/a>&nbsp;&nbsp;&nbsp;&nbsp;&nbsp;&nbsp;<a href=\\\"https:\\\/\\\/www.linkedin.com\\\/in\\\/andreas-gaede-0409351\\\/\\\" target=\\\"_blank\\\"><img src=\\\"https:\\\/\\\/pitss.com\\\/wp-content\\\/uploads\\\/2024\\\/08\\\/LinkedIn-grau.webp\\\" height=\\\"30px\\\" width=\\\"30px\\\"><\\\/a>\\n\",\"margin\":\"default\"}}]}]},{\"type\":\"row\",\"props\":{\"css\":\".el-row {margin-top: 50px; }\",\"layout\":\"2-3,1-3\"},\"children\":[{\"type\":\"column\",\"props\":{\"image_position\":\"center-center\",\"position_sticky_breakpoint\":\"m\",\"width_medium\":\"2-3\"},\"children\":[{\"type\":\"text\",\"props\":{\"column_breakpoint\":\"m\",\"content\":\"\\n<span style=\\\"font-size: 20px;\\\"><strong>Stephan LaRocca\\n<\\\/strong><\\\/span><br \/><span style=\\\"font-size: 20px;\\\">Business Development<\\\/span>\\n\\n<br \\\/><br \/>\\n\\n\\n\\nSeit 2013 ist Datenbanken und Anwendungs-Experte Stephan La Rocca bei PITSS. Sein Fokus liegt auf Modernisierungsprojekten. 2017 hat er die strategisch wichtige Rolle des Business Development Managers \\u00fcbernommen, um PITSS Kunden noch schneller und n\\u00e4her an neue Innovationen und Technologien heranzuf\\u00fchren.\\n\n\n\\nSeine Philosophie: <i>\\u201cDie Bed\\u00fcrfnisse unseres Kunden werden zu den Bed\\u00fcrfnissen unserer Mitarbeiter. Das ist unsere Erfolgsformel.\\u201c<\\\/i>\n\n<a href=\\\"https:\\\/\\\/www.linkedin.com\\\/in\\\/stephan-la-rocca-2733b9112\\\/\\\" target=\\\"_blank\\\"><img src=\\\"https:\\\/\\\/pitss.com\\\/wp-content\\\/uploads\\\/2024\\\/08\\\/LinkedIn-grau.webp\\\" height=\\\"30px\\\" width=\\\"30px\\\"><\\\/a>&nbsp;&nbsp;<a href=\\\"https:\\\/\\\/twitter.com\\\/StephanLaRocca\\\" target=\\\"_blank\\\"><img src=\\\"https:\\\/\\\/pitss.com\\\/wp-content\\\/uploads\\\/2024\\\/10\\\/x-twitter.webp\\\" height=\\\"40px\\\" width=\\\"40px\\\"><\\\/a>&nbsp;&nbsp;&nbsp;&nbsp;&nbsp;&nbsp;<a href=\\\"mailto: slarocca@pitss.com\\n\\\">slarocca@pitss.com\\n<\\\/a>\\n\",\"margin\":\"default\",\"text_align\":\"right\"}}]},{\"type\":\"column\",\"props\":{\"image_position\":\"center-center\",\"position_sticky_breakpoint\":\"m\",\"width_medium\":\"1-3\"},\"children\":[{\"type\":\"image\",\"props\":{\"image\":\"wp-content\\\/uploads\\\/2025\\\/01\\\/Fotos-Management-WebStephan.jpg\",\"image_border\":\"rounded\",\"image_height\":320,\"image_svg_color\":\"emphasis\",\"margin\":\"default\",\"text_align\":\"left\"}}]}]},{\"type\":\"row\",\"props\":{\"css\":\".el-row {margin-top: 50px; }\",\"layout\":\"1-3,2-3\"},\"children\":[{\"type\":\"column\",\"props\":{\"image_position\":\"center-center\",\"position_sticky_breakpoint\":\"m\",\"width_medium\":\"1-3\"},\"children\":[{\"type\":\"image\",\"props\":{\"image\":\"wp-content\\\/uploads\\\/2025\\\/01\\\/Fotos-Management-Sacha.jpg\",\"image_border\":\"rounded\",\"image_height\":320,\"image_svg_color\":\"emphasis\",\"margin\":\"default\",\"text_align\":\"right\"}}]},{\"type\":\"column\",\"props\":{\"image_position\":\"center-center\",\"position_sticky_breakpoint\":\"m\",\"width_medium\":\"2-3\"},\"children\":[{\"type\":\"text\",\"props\":{\"column_breakpoint\":\"m\",\"content\":\"\\n<span style=\\\"font-size: 20px;\\\"><strong>Sacha Sander\\n<\\\/strong><\\\/span><br \/><span style=\\\"font-size: 20px;\\\">Sales<\\\/span>\\n\\n<br \\\/><br \/>\\nSacha Sander steht an der Spitze unseres Vertriebs und kennt sehr genau die Bed\\u00fcrfnisse und Anspr\\u00fcche von Unternehmen, die Oracle Applikationen im Einsatz haben. F\\u00fcr PITSS ist er von Anfang an dabei.\\n\n\n\\nSeine Motivation: <i>\\u201eBegeisterte Kunden weltweit, die mit unserer Software Ihre Anwendungen spielend optimieren und modernisieren. Unsere Kunden k\\u00f6nnen es oft kaum glauben, wie viel Zeit und Kosten sie mit unseren Produkten in ihren Projekten eingespart haben.\\u201d<\\\/i>\n\n<a href=\\\"mailto: \\nssander@pitss.com\\\">\\nssander@pitss.com<\\\/a>&nbsp;&nbsp;&nbsp;&nbsp;&nbsp;&nbsp;<a href=\\\"https:\\\/\\\/www.linkedin.com\\\/in\\\/sacha-sander-9376864\\\/\\\" target=\\\"_blank\\\"><img src=\\\"https:\\\/\\\/pitss.com\\\/wp-content\\\/uploads\\\/2024\\\/08\\\/LinkedIn-grau.webp\\\" height=\\\"30px\\\" width=\\\"30px\\\"><\\\/a>\\n\\n\",\"margin\":\"default\"}}]}]},{\"type\":\"row\",\"props\":{\"css\":\".el-row {margin-top: 50px; }\",\"layout\":\"2-3,1-3\"},\"children\":[{\"type\":\"column\",\"props\":{\"image_position\":\"center-center\",\"position_sticky_breakpoint\":\"m\",\"width_medium\":\"2-3\"},\"children\":[{\"type\":\"text\",\"props\":{\"column_breakpoint\":\"m\",\"content\":\"\\n<span style=\\\"font-size: 20px;\\\"><strong>Bernd Frost\\n<\\\/strong><\\\/span><br \/><span style=\\\"font-size: 20px;\\\">Consulting<\\\/span>\\n\\n<br \\\/><br \/>\\nSeit 2021 verantwortet Bernd Frost den PITSS Consulting Bereich. Mit \\u00fcber 30 Jahren Erfahrung als Consultant und Projektleiter in IT Projekten wei\\u00df er, dass Kundenzufriedenheit der Schl\\u00fcssel zu erfolgreichen Projekten ist.\\n\\nSein Motto: <i>\\u201cLiefern wie bestellt!\\u201c<\\\/i>\\n\n\n<a href=\\\"https:\\\/\\\/www.linkedin.com\\\/in\\\/bernd-frost-0080a7a5\\\/\\\" target=\\\"_blank\\\"><img src=\\\"https:\\\/\\\/pitss.com\\\/wp-content\\\/uploads\\\/2024\\\/08\\\/LinkedIn-grau.webp\\\" height=\\\"30px\\\" width=\\\"30px\\\"><\\\/a>&nbsp;&nbsp;&nbsp;&nbsp;&nbsp;&nbsp;<a href=\\\"mailto: bfrost@pitss.com\\\">bfrost@pitss.com<\\\/a>\",\"margin\":\"default\",\"text_align\":\"right\"}}]},{\"type\":\"column\",\"props\":{\"image_position\":\"center-center\",\"position_sticky_breakpoint\":\"m\",\"width_medium\":\"1-3\"},\"children\":[{\"type\":\"image\",\"props\":{\"image\":\"wp-content\\\/uploads\\\/2025\\\/01\\\/Fotos-Management-Bernd.jpg\",\"image_border\":\"rounded\",\"image_height\":320,\"image_svg_color\":\"emphasis\",\"margin\":\"default\",\"text_align\":\"left\"}}]}]},{\"type\":\"row\",\"props\":{\"css\":\".el-row {margin-top: 50px; }\",\"layout\":\"1-3,2-3\"},\"children\":[{\"type\":\"column\",\"props\":{\"image_position\":\"center-center\",\"position_sticky_breakpoint\":\"m\",\"width_medium\":\"1-3\"},\"children\":[{\"type\":\"image\",\"props\":{\"image\":\"wp-content\\\/uploads\\\/2025\\\/01\\\/Michael.jpg\",\"image_border\":\"rounded\",\"image_height\":320,\"image_svg_color\":\"emphasis\",\"margin\":\"default\",\"text_align\":\"right\"}}]},{\"type\":\"column\",\"props\":{\"image_position\":\"center-center\",\"position_sticky_breakpoint\":\"m\",\"width_medium\":\"2-3\"},\"children\":[{\"type\":\"text\",\"props\":{\"column_breakpoint\":\"m\",\"content\":\"\\n<span style=\\\"font-size: 20px;\\\"><strong>Michael Kr\\u00f6z\\n<\\\/strong><\\\/span><br \/><span style=\\\"font-size: 20px;\\\">Finance<\\\/span>\\n\\n<br \\\/><br \/>Unsere Zahlen hat Michael Kr\\u00f6z seit 2008 fest im Griff. Er leitet das PITSS Backoffice.\\n<br \\\/><br \/>\\nSeine Faszination : <i>\\u201cWir sind mit unseren Produkten, Methoden und Prozessen konsequent in der Lage, dass unsere Kunden in ihren Projekten ein Maximum an Wirtschaftlichkeit erzielen.\\u201d<\\\/i>\n\n<a href=\\\"mailto: mkroez@pitss.com\\\">mkroez@pitss.com<\\\/a>\\n\",\"margin\":\"default\"}}]}]},{\"type\":\"row\",\"props\":{\"css\":\".el-row {margin-top: 50px; }\",\"layout\":\"2-3,1-3\"},\"children\":[{\"type\":\"column\",\"props\":{\"image_position\":\"center-center\",\"position_sticky_breakpoint\":\"m\",\"width_medium\":\"2-3\"},\"children\":[{\"type\":\"text\",\"props\":{\"column_breakpoint\":\"m\",\"content\":\"\\n<span style=\\\"font-size: 20px;\\\"><strong>Cathrin Cambensi<\\\/strong><\\\/span><br \/><span style=\\\"font-size: 20px;\\\">Marketing<\\\/span>\\n\\n<br \\\/><br \/>\\nCathrin Cambensi ist seit 2006 f\\u00fcr das Marketing und die \\u00d6ffentlichkeitsarbeit des Unternehmens und seiner Produkte und L\\u00f6sungen verantwortlich.\\n<br \\\/><br \/>\\nIhr Spirit: <i>\\u201cWir haben einzigartige Produkte und Methoden, weil sie die dienstleistungsorientierte IT-Servicelandschaft revolutionieren. Das begeistert unsere Kunden aber auch uns im Team, denn wir d\\u00fcrfen die Botschaft \\u201cSimplifying complexity\\u201d nach au\\u00dfen tragen.\\u201d<\\\/i>\n\n<a href=\\\"https:\\\/\\\/www.linkedin.com\\\/in\\\/cathrin-cambensi-9926203\\\/\\\" target=\\\"_blank\\\"><img src=\\\"https:\\\/\\\/pitss.com\\\/wp-content\\\/uploads\\\/2024\\\/08\\\/LinkedIn-grau.webp\\\" height=\\\"30px\\\" width=\\\"30px\\\"><\\\/a>&nbsp;&nbsp;<a href=\\\"https:\\\/\\\/twitter.com\\\/CathrinCambensi\\\" target=\\\"_blank\\\"><img src=\\\"https:\\\/\\\/pitss.com\\\/wp-content\\\/uploads\\\/2024\\\/10\\\/x-twitter.webp\\\" height=\\\"40px\\\" width=\\\"40px\\\"><\\\/a>&nbsp;&nbsp;&nbsp;&nbsp;&nbsp;&nbsp;<a href=\\\"mailto: ccambensi@pitss.com\\\">ccambensi@pitss.com<\\\/a>\\n\",\"margin\":\"default\",\"text_align\":\"right\"}}]},{\"type\":\"column\",\"props\":{\"image_position\":\"center-center\",\"position_sticky_breakpoint\":\"m\",\"width_medium\":\"1-3\"},\"children\":[{\"type\":\"image\",\"props\":{\"image\":\"wp-content\\\/uploads\\\/2025\\\/01\\\/Fotos-ManagementCathrin.jpg\",\"image_border\":\"rounded\",\"image_height\":320,\"image_svg_color\":\"emphasis\",\"margin\":\"default\",\"text_align\":\"left\"}}]}]}]}],\"version\":\"4.4.5\"} --><\/p>\n","protected":false},"excerpt":{"rendered":"<p>Das Management Team In der Verantwortung bei PITSS Kontakt aufnehmen Wir sind PITSS. Wir inspirieren. Wir modernisieren. Wir bringen Sie weiter! Andreas Gaede Gesch\u00e4ftsf\u00fchrer Andreas Gaede ist Mitbegr\u00fcnder der PITSS GmbH und gesch\u00e4ftsf\u00fchrender Gesellschafter seit 1999. Als ma\u00dfgeblicher Erfinder der PITSS Produkte steht er wie kein Anderer f\u00fcr die Automation in der Anwendungsentwicklung und Anwendungsmodernisierung. [&hellip;]<\/p>\n","protected":false},"author":1,"featured_media":0,"parent":0,"menu_order":0,"comment_status":"closed","ping_status":"closed","template":"","meta":{"footnotes":""},"class_list":["post-3615","page","type-page","status-publish","hentry"],"_links":{"self":[{"href":"https:\/\/pitss.com\/de\/wp-json\/wp\/v2\/pages\/3615","targetHints":{"allow":["GET"]}}],"collection":[{"href":"https:\/\/pitss.com\/de\/wp-json\/wp\/v2\/pages"}],"about":[{"href":"https:\/\/pitss.com\/de\/wp-json\/wp\/v2\/types\/page"}],"author":[{"embeddable":true,"href":"https:\/\/pitss.com\/de\/wp-json\/wp\/v2\/users\/1"}],"replies":[{"embeddable":true,"href":"https:\/\/pitss.com\/de\/wp-json\/wp\/v2\/comments?post=3615"}],"version-history":[{"count":35,"href":"https:\/\/pitss.com\/de\/wp-json\/wp\/v2\/pages\/3615\/revisions"}],"predecessor-version":[{"id":4427,"href":"https:\/\/pitss.com\/de\/wp-json\/wp\/v2\/pages\/3615\/revisions\/4427"}],"wp:attachment":[{"href":"https:\/\/pitss.com\/de\/wp-json\/wp\/v2\/media?parent=3615"}],"curies":[{"name":"wp","href":"https:\/\/api.w.org\/{rel}","templated":true}]}}