{"id":3180,"date":"2024-08-13T13:27:03","date_gmt":"2024-08-13T13:27:03","guid":{"rendered":"https:\/\/pitss.bow-labs.de\/solutions\/"},"modified":"2025-04-15T14:50:16","modified_gmt":"2025-04-15T14:50:16","slug":"loesungen","status":"publish","type":"page","link":"https:\/\/pitss.com\/de\/loesungen\/","title":{"rendered":"Solutions"},"content":{"rendered":"<div><\/div>\n<div>\n<h1>PITSS L\u00f6sungen bieten eine <br \/>ma\u00dfgeschneiderte Optimierung <br \/>und Modernisierung von <br \/>Oracle Anwendungen<\/h1>\n<\/div>\n<div>\n<h5>Unsere L\u00f6sungen beschleunigen und <br \/>sichern Ihren Projekterfolg<\/h5>\n<\/div>\n<p>\n    <a href=\"#solution\">ZU DEN L\u00f6sungen<\/a>\n<\/p>\n<h1>\n<h2 style=\"text-align: center;\"><span style=\"color:#ff941a;\">Unsere L\u00f6sungen<br \/>\n<\/span><\/h2>\n<p style=\"text-align: center;\">\nL\u00f6sungen f\u00fcr die Modernisierung von Oracle Forms, die Migration zu modernen Zieltechnologien wie Oracle APEX oder JasperReports und die digitale Prozessoptimierung<\/p>\n<\/h1>\n<ul>\n<li>\n<h3>Forms nach APEX<\/h3>\n<div><a href=\"https:\/\/pitss.com\/de\/loesungen\/migration-oracle-forms-nach-apex\/\">Die schnellste &#038; zuverl\u00e4ssigste L\u00f6sung f\u00fcr die Migration von Oracle Forms nach APEX<\/a><\/div>\n<p><a href=\"https:\/\/pitss.com\/de\/loesungen\/migration-oracle-forms-nach-apex\/\">READ MORE<\/a><\/p>\n<\/li>\n<li>\n<h3>Reports nach Jasper<\/h3>\n<div><a href=\"https:\/\/pitss.com\/de\/loesungen\/migration-reports-to-jasper\/\">Die schnellste und zuverl\u00e4ssigste L\u00f6sung f\u00fcr die Migration nach Jaspersoft<\/a><\/div>\n<p><a href=\"https:\/\/pitss.com\/de\/loesungen\/migration-reports-to-jasper\/\">READ MORE<\/a><\/p>\n<\/li>\n<li>\n<h3>Forms to Forms Upgrade<\/h3>\n<div><a href=\"https:\/\/pitss.com\/de\/loesungen\/upgrade-forms-nach-forms\/\">Upgrade auf Oracle Forms 14c \u2013 supportet \u2013 und von den neuen Funktionen profitieren<\/a><\/div>\n<p><a href=\"https:\/\/pitss.com\/de\/loesungen\/upgrade-forms-nach-forms\/\">READ MORE<\/a><\/p>\n<\/li>\n<li>\n<h3>Process Mining<\/h3>\n<div><a href=\"https:\/\/pitss.com\/de\/loesungen\/process-mining\/\">L\u00f6sungen zur optimalen Transparenz von Gesch\u00e4ftsprozesse, um diese zu verstehen und zu beherrschen<\/a><\/div>\n<p><a href=\"https:\/\/pitss.com\/de\/loesungen\/process-mining\/\">READ MORE<\/a><\/p>\n<\/li>\n<\/ul>\n<h1>\n<h3 style=\"text-align: center;\"><strong>Individuelle Beratung f\u00fcr die<br \/>\nModernisierung Ihrer Software<br \/>\n<\/strong><\/h3>\n<\/h1>\n<div>\n<p style=\"text-align: center;\">Fragen Sie unverbindlich an<\/p>\n<\/div>\n<p><img decoding=\"async\" src=\"\/wp-content\/uploads\/2024\/07\/sacha-sander-2020_transp.webp\" alt=\"\"><\/p>\n<div>\n<p><strong>Ihr Ansprechpartner<\/strong><\/p>\n<p>Sacha Sander<br \/>VP Global Sales<br \/><a href=\"mailto: ssander@pitss.com\">ssander@pitss.com<\/a><\/p>\n<\/div>\n<div><!-- Note :\n   - You can modify the font style and form style to suit your website. \n   - Code lines with comments Do not remove this code are required for the form to work properly, make sure that you do not remove these lines of code. \n   - The Mandatory check script can modified as to suit your business needs. \n   - It is important that you test the modified form before going live.--><\/p>\n<div class='zcwf_lblLeft crmWebToEntityForm' style='background-color: white;color: black;max-width: 600px;'>\n  <meta name='viewport' content='width=device-width, initial-scale=1.0'><br \/>\n   <META HTTP-EQUIV ='content-type' CONTENT='text\/html;charset=UTF-8'><\/p>\n<form action='https:\/\/crm.zoho.com\/crm\/WebToLeadForm' name=WebToLeads1989809000073101005 method='POST' onSubmit='javascript:document.charset=\"UTF-8\"; return checkMandatory1989809000073101005()' accept-charset='UTF-8'>\n <input type='text' style='display:none;' name='xnQsjsdp' value='fbacea62a2c11bb602e29a9f24087c2403c6b254a5586ba34c44d572eb1acc0d'><\/input><br \/>\n <input type='hidden' name='zc_gad' id='zc_gad' value=''><\/input><br \/>\n <input type='text' style='display:none;' name='xmIwtLD' value='6ff8a91d0a6aeeed424181fbbeb4622d1c8a9c907305640f5863b72c4ad68e46'><\/input><br \/>\n <input type='text'  style='display:none;' name='actionType' value='TGVhZHM='><\/input><br \/>\n <input type='text' style='display:none;' name='returnURL' value='https:\/\/pitss.com\/de\/vielen-dank' > <\/input><br \/>\n\t <!-- Do not remove this code. --><br \/>\n\t <input type='text' style='display:none;' id='ldeskuid' name='ldeskuid'><\/input><br \/>\n\t <input type='text' style='display:none;' id='LDTuvid' name='LDTuvid'><\/input><br \/>\n\t <!-- Do not remove this code. --><\/p>\n<style>\nhtml,body{\n\tmargin: 0px;\n}<\/p>\n<\/style>\n<div><label for='Email'><span style='font-size:14px; font-family: Poppins; display:none;'>Business Email<\/span><\/label><\/div>\n<div><input style='font-size:16px; font-family: Poppins;' type='text' ftype='email' id='Email' name='Email' maxlength='100' placeholder=\"Gesch\u00e4ftsemail\"><\/input><\/div>\n<div><label for='LEADCF37'><span style='font-size:14px; font-family: Poppins; display:none;'>Message<\/span><\/label><\/div>\n<div><textarea style='font-size:16px; font-family: Poppins;' id='LEADCF37' name='LEADCF37' placeholder=\"Ihre Nachricht\"><\/textarea><\/div>\n<div class='zcwf_row wfrm_fld_dpNn'><input style='display:none;' type='text' id='Last_Name' value='Solution DE'  name='Last Name' maxlength='80'><\/input><\/div>\n<div class='zcwf_row wfrm_fld_dpNn'><select style='display:none;' id='Lead_Source' name='Lead Source'><option value='-None-'>-None-<\/option><option selected value='Solution DE'>Solution DE<\/option><\/select>\t\t<\/p>\n<div class='zcwf_row wfrm_fld_dpNn'><select style='display:none;' class='zcwf_col_fld_slt' id='Lead_Status' name='Lead Status'  ><option value='-None-'>-None-<\/option><option value='Lost Lead'>Lost Lead<\/option><option selected value='Not Contacted'>Not Contacted<\/option><option value='Closed'>Closed<\/option><option value='In Progress'>In Progress<\/option><option value='Qualified'>Qualified<\/option><option value='Junk Lead'>Junk Lead<\/option><option value='Not Qualified'>Not Qualified<\/option><\/select><\/p>\n<div class='zcwf_col_help'><\/div>\n<\/div>\n<\/div>\n<div class='zcwf_row'>\n<div class='zcwf_col_lab'><\/div>\n<div class='zcwf_col_fld'><input type='submit' id='formsubmit' class='el-content uk-button uk-button-default uk-flex-inline uk-flex-center uk-flex-middle' value='Absenden' title='Submit'><\/div>\n<\/div>\n<p>\t<script>\n\tfunction validateEmail1989809000073101005()\n\t{\n\t\tvar form = document.forms['WebToLeads1989809000073101005'];\n\t\tvar emailFld = form.querySelectorAll('[ftype=email]');\n\t\tvar i;\n\t\tfor (i = 0; i < emailFld.length; i++)\n\t\t{\n\t\t\tvar emailVal = emailFld[i].value;\n\t\t\tif((emailVal.replace(\/^s+|s+$\/g, '')).length!=0 )\n\t\t\t{\n\t\t\t\tvar atpos=emailVal.indexOf('@');\n\t\t\t\tvar dotpos=emailVal.lastIndexOf('.');\n\t\t\t\tif (atpos<1 || dotpos<atpos+2 || dotpos+2>=emailVal.length)\n\t\t\t\t{\n\t\t\t\t\talert('Please enter a valid email address. ');\n\t\t\t\t\temailFld[i].focus();\n\t\t\t\t\treturn false;\n\t\t\t\t}\n\t\t\t}\n\t\t}\n\t\treturn true;\n\t}<\/p>\n<p> \t  function checkMandatory1989809000073101005() {\n\t\tvar mndFileds = new Array('Last Name','Email');\n\t\tvar fldLangVal = new Array('Lastx20Name','GeschxE4ftsmail');\n\t\tfor(i=0;i<mndFileds.length;i++) {\n\t\t  var fieldObj=document.forms['WebToLeads1989809000073101005'][mndFileds[i]];\n\t\t  if(fieldObj) {\n\t\t\tif (((fieldObj.value).replace(\/^s+|s+$\/g, '')).length==0) {\n\t\t\t if(fieldObj.type =='file')\n\t\t\t\t{ \n\t\t\t\t alert('Please select a file to upload.'); \n\t\t\t\t fieldObj.focus(); \n\t\t\t\t return false;\n\t\t\t\t} \n\t\t\talert(fldLangVal[i] +' cannot be empty.'); \n   \t   \t  \t  fieldObj.focus();\n   \t   \t  \t  return false;\n\t\t\t}  else if(fieldObj.nodeName=='SELECT') {\n  \t   \t   \t if(fieldObj.options[fieldObj.selectedIndex].value=='-None-') {\n\t\t\t\talert(fldLangVal[i] +' cannot be none.'); \n\t\t\t\tfieldObj.focus();\n\t\t\t\treturn false;\n\t\t\t   }\n\t\t\t} else if(fieldObj.type =='checkbox'){\n \t \t \t if(fieldObj.checked == false){\n\t\t\t\talert('Please accept  '+fldLangVal[i]);\n\t\t\t\tfieldObj.focus();\n\t\t\t\treturn false;\n\t\t\t   } \n\t\t\t } \n\t\t\t try {\n\t\t\t     if(fieldObj.name == 'Last Name') {\n\t\t\t\tname = fieldObj.value;\n \t \t \t    }\n\t\t\t} catch (e) {}\n\t\t    }\n\t\t}\n\t\ttrackVisitor();\n\t\tif(!validateEmail1989809000073101005()){return false;}\n\t\tdocument.querySelector('.crmWebToEntityForm .formsubmit').setAttribute('disabled', true);\n\t}\n\nfunction tooltipShow1989809000073101005(el){\n\tvar tooltip = el.nextElementSibling;\n\tvar tooltipDisplay = tooltip.style.display;\n\tif(tooltipDisplay == 'none'){\n\t\tvar allTooltip = document.getElementsByClassName('zcwf_tooltip_over');\n\t\tfor(i=0; i<allTooltip.length; i++){\n\t\t\tallTooltip[i].style.display='none';\n\t\t}\n\t\ttooltip.style.display = 'block';\n\t}else{\n\t\ttooltip.style.display='none';\n\t}\n}\n<\/script><br \/>\n\t<!-- Do not remove this --- Analytics Tracking code starts --><script id='wf_anal' src='https:\/\/crm.zohopublic.com\/crm\/WebFormAnalyticsServeServlet?rid=6ff8a91d0a6aeeed424181fbbeb4622d1c8a9c907305640f5863b72c4ad68e46gidfbacea62a2c11bb602e29a9f24087c2403c6b254a5586ba34c44d572eb1acc0dgid885e3c1045bd9bdcc91bdf30f82b5696gid14f4ec16431e0686150daa43f3210513'><\/script><!-- Do not remove this --- Analytics Tracking code ends. --><\/form>\n<\/div>\n<\/div>\n<p><!--more--><br \/>\n<!-- {\"type\":\"layout\",\"children\":[{\"type\":\"section\",\"props\":{\"height\":\"pixels\",\"height_viewport\":700,\"image\":\"wp-content\\\/uploads\\\/2024\\\/08\\\/Header-Uebersicht_Loesung_NEU2000x950px.webp\",\"image_position\":\"center-center\",\"image_size\":\"cover\",\"padding\":\"large\",\"padding_remove_horizontal\":false,\"padding_remove_top\":false,\"style\":\"default\",\"title_breakpoint\":\"xl\",\"title_position\":\"top-left\",\"title_rotation\":\"left\",\"vertical_align\":\"\",\"width\":\"default\",\"width_expand\":\"right\"},\"children\":[{\"type\":\"row\",\"children\":[{\"type\":\"column\",\"props\":{\"image_position\":\"center-center\",\"position_sticky_breakpoint\":\"m\"},\"children\":[{\"type\":\"text\",\"props\":{\"column_breakpoint\":\"m\",\"content\":\"<br \/>\",\"margin\":\"\"}},{\"type\":\"headline\",\"props\":{\"content\":\"\n\n<h1>PITSS L\\u00f6sungen bieten eine <br \/>ma\\u00dfgeschneiderte Optimierung <br \/>und Modernisierung von <br \/>Oracle Anwendungen<\\\/h1>\",\"margin\":\"small\",\"title_element\":\"div\"}},{\"type\":\"text\",\"props\":{\"column_breakpoint\":\"m\",\"content\":\"\n\n<h5>Unsere L\\u00f6sungen beschleunigen und <br \/>sichern Ihren Projekterfolg<\\\/h5>\\n\",\"dropcap\":false,\"margin\":\"default\",\"position_bottom\":\"10\"}},{\"type\":\"button\",\"props\":{\"grid_column_gap\":\"small\",\"grid_row_gap\":\"small\",\"margin\":\"default\"},\"children\":[{\"type\":\"button_item\",\"props\":{\"button_style\":\"default\",\"content\":\"ZU DEN L\\u00f6sungen\",\"icon\":\"chevron-right\",\"icon_align\":\"right\",\"link\":\"#solution\"}}]}]}],\"props\":{\"html_element\":\"section\"}}]},{\"type\":\"section\",\"props\":{\"class\":\"product-overview-grid-wrapper\",\"image_position\":\"center-center\",\"style\":\"default\",\"title_breakpoint\":\"xl\",\"title_position\":\"top-left\",\"title_rotation\":\"left\",\"vertical_align\":\"middle\",\"width\":\"default\"},\"children\":[{\"type\":\"row\",\"children\":[{\"type\":\"column\",\"props\":{\"image_position\":\"center-center\",\"position_sticky_breakpoint\":\"m\"},\"children\":[{\"type\":\"headline\",\"props\":{\"content\":\"\n\n<h2 style=\\\"text-align: center;\\\"><span style=\\\"color:#ff941a;\\\">Unsere L\\u00f6sungen\\n<\\\/span><\\\/h2>\\n\n\n<p style=\\\"text-align: center;\\\">\\nL\\u00f6sungen f\\u00fcr die Modernisierung von Oracle Forms, die Migration zu modernen Zieltechnologien wie Oracle APEX oder JasperReports und die digitale Prozessoptimierung<\\\/p>\",\"id\":\"solution\",\"title_element\":\"h1\"}}]}]},{\"type\":\"row\",\"children\":[{\"type\":\"column\",\"props\":{\"image_position\":\"center-center\",\"position_sticky_breakpoint\":\"m\"},\"children\":[{\"type\":\"grid\",\"props\":{\"class\":\"product-overview-grid\",\"content_column_breakpoint\":\"m\",\"css\":\" .uk-card-body { text-align: center;\\n        padding: 15px 15px;\\n    }\\n.el-element :hover a { color: #ffffff; }\\n.el-element a { color: #6c6d74; }\",\"filter_align\":\"left\",\"filter_all\":true,\"filter_grid_breakpoint\":\"m\",\"filter_grid_width\":\"auto\",\"filter_position\":\"top\",\"filter_style\":\"tab\",\"grid_column_align\":false,\"grid_default\":\"1\",\"grid_large\":\"4\",\"grid_medium\":\"3\",\"grid_small\":\"1\",\"icon_width\":80,\"image_align\":\"top\",\"image_grid_breakpoint\":\"m\",\"image_grid_width\":\"1-2\",\"image_svg_color\":\"emphasis\",\"image_width\":\"96\",\"item_animation\":true,\"lightbox\":false,\"link_style\":\"default\",\"link_text\":\"READ MORE\",\"margin\":\"default\",\"meta_align\":\"below-title\",\"meta_element\":\"div\",\"meta_style\":\"text-meta\",\"panel_padding\":\"default\",\"panel_style\":\"card-secondary\",\"show_content\":true,\"show_image\":true,\"show_link\":false,\"show_meta\":true,\"show_title\":true,\"text_align\":\"center\",\"title_align\":\"top\",\"title_color\":\"secondary\",\"title_element\":\"h3\",\"title_grid_breakpoint\":\"m\",\"title_grid_width\":\"1-2\",\"title_hover_style\":\"reset\",\"title_style\":\"h4\"},\"children\":[{\"type\":\"grid_item\",\"props\":{\"content\":\"<a href=\\\"migration-forms-to-apex\\\">Die schnellste & zuverl\\u00e4ssigste L\\u00f6sung f\\u00fcr die Migration von Oracle Forms nach APEX<\\\/a>\",\"image\":\"\",\"link\":\"migration-forms-to-apex\",\"panel_style\":\"card-default\",\"title\":\"Forms nach APEX\"}},{\"type\":\"grid_item\",\"props\":{\"content\":\"<a href=\\\"migration-reports-to-jasper\\\">Die schnellste und zuverl\\u00e4ssigste L\\u00f6sung f\\u00fcr die Migration nach Jaspersoft<\\\/a>\",\"image\":\"\",\"link\":\"migration-reports-to-jasper\",\"panel_style\":\"card-default\",\"title\":\"Reports nach Jasper\"}},{\"type\":\"grid_item\",\"props\":{\"content\":\"<a href=\\\"de\\\/loesungen\\\/upgrade-forms-nach-forms\\\/\\\">Upgrade auf Oracle Forms 14c \\u2013 supportet \\u2013 und von den neuen Funktionen profitieren<\\\/a>\",\"image\":\"\",\"link\":\"de\\\/loesungen\\\/upgrade-forms-nach-forms\\\/\",\"panel_style\":\"card-default\",\"title\":\"Forms to Forms Upgrade\"}},{\"type\":\"grid_item\",\"props\":{\"content\":\"<a href=\\\"de\\\/loesungen\\\/process-mining\\\/\\\">L\\u00f6sungen zur optimalen Transparenz von Gesch\\u00e4ftsprozesse, um diese zu verstehen und zu beherrschen<\\\/a>\",\"image\":\"\",\"link\":\"process-mining\",\"panel_style\":\"card-default\",\"title\":\"Process Mining\"}}]}]}]}],\"name\":\"Grid-Hover\"},{\"type\":\"section\",\"props\":{\"css\":\".el-section{\\n    background:#fafafa;\\n}\",\"image_position\":\"center-center\",\"padding_remove_top\":true,\"style\":\"default\",\"title_breakpoint\":\"xl\",\"title_position\":\"top-left\",\"title_rotation\":\"left\",\"vertical_align\":\"middle\",\"width\":\"default\"},\"children\":[{\"type\":\"row\",\"children\":[{\"type\":\"column\",\"props\":{\"image_position\":\"center-center\",\"position_sticky_breakpoint\":\"m\"},\"children\":[{\"type\":\"headline\",\"props\":{\"content\":\"\n\n<h3 style=\\\"text-align: center;\\\"><strong>Individuelle Beratung f\\u00fcr die<br \/>\\nModernisierung Ihrer Software\\n<\\\/strong><\\\/h3>\",\"title_element\":\"h1\"}}]}]},{\"type\":\"row\",\"children\":[{\"type\":\"column\",\"props\":{\"image_position\":\"center-center\",\"position_sticky_breakpoint\":\"m\"},\"children\":[{\"type\":\"text\",\"props\":{\"column_breakpoint\":\"m\",\"content\":\"\n\n<p style=\\\"text-align: center;\\\">Fragen Sie unverbindlich an<\\\/p>\",\"margin\":\"default\"}}]}]}]},{\"type\":\"section\",\"props\":{\"css\":\".el-section{\\n    background:#fafafa;\\n}\",\"id\":\"contact\",\"image_position\":\"center-center\",\"padding_remove_top\":true,\"style\":\"default\",\"title_breakpoint\":\"xl\",\"title_position\":\"top-left\",\"title_rotation\":\"left\",\"vertical_align\":\"middle\",\"width\":\"default\"},\"children\":[{\"type\":\"row\",\"props\":{\"layout\":\"1-3,1-3,1-3\"},\"children\":[{\"type\":\"column\",\"props\":{\"image_position\":\"center-center\",\"position_sticky_breakpoint\":\"m\",\"width_medium\":\"1-3\"},\"children\":[{\"type\":\"image\",\"props\":{\"image\":\"wp-content\\\/uploads\\\/2024\\\/07\\\/sacha-sander-2020_transp.webp\",\"image_height\":100,\"image_svg_color\":\"emphasis\",\"margin\":\"default\",\"text_align\":\"right\"}}]},{\"type\":\"column\",\"props\":{\"image_position\":\"center-center\",\"position_sticky_breakpoint\":\"m\",\"width_medium\":\"1-3\"},\"children\":[{\"type\":\"text\",\"props\":{\"column_breakpoint\":\"m\",\"content\":\"\n\n<p><strong>Ihr Ansprechpartner<\\\/strong><\\\/p>\\n\n\n<p>Sacha Sander<br \\\/>VP Global Sales<br \\\/><a href=\\\"mailto: ssander@pitss.com\\\">ssander@pitss.com<\\\/a><\\\/p>\",\"margin\":\"default\",\"text_align\":\"left\"}}]},{\"type\":\"column\",\"props\":{\"image_position\":\"center-center\",\"position_sticky_breakpoint\":\"m\",\"width_medium\":\"1-3\"},\"children\":[{\"type\":\"text\",\"props\":{\"column_breakpoint\":\"m\",\"content\":\"<!-- Note :\\n   - You can modify the font style and form style to suit your website. \\n   - Code lines with comments Do not remove this code are required for the form to work properly, make sure that you do not remove these lines of code. \\n   - The Mandatory check script can modified as to suit your business needs. \\n   - It is important that you test the modified form before going live.-->\\n<\/p>\n<div class='zcwf_lblLeft crmWebToEntityForm' style='background-color: white;color: black;max-width: 600px;'>\\n  <meta name='viewport' content='width=device-width, initial-scale=1.0'>\\n   <META HTTP-EQUIV ='content-type' CONTENT='text\\\/html;charset=UTF-8'>\\n   <\/p>\n<form action='https:\\\/\\\/crm.zoho.com\\\/crm\\\/WebToLeadForm' name=WebToLeads1989809000073101005 method='POST' onSubmit='javascript:document.charset=\\\"UTF-8\\\"; return checkMandatory1989809000073101005()' accept-charset='UTF-8'>\\n <input type='text' style='display:none;' name='xnQsjsdp' value='fbacea62a2c11bb602e29a9f24087c2403c6b254a5586ba34c44d572eb1acc0d'><\\\/input> \\n <input type='hidden' name='zc_gad' id='zc_gad' value=''><\\\/input> \\n <input type='text' style='display:none;' name='xmIwtLD' value='6ff8a91d0a6aeeed424181fbbeb4622d1c8a9c907305640f5863b72c4ad68e46'><\\\/input> \\n <input type='text'  style='display:none;' name='actionType' value='TGVhZHM='><\\\/input>\\n <input type='text' style='display:none;' name='returnURL' value='https:\\\/\\\/pitss.com\\\/de\\\/vielen-dank' > <\\\/input>\\n\\t <!-- Do not remove this code. -->\\n\\t <input type='text' style='display:none;' id='ldeskuid' name='ldeskuid'><\\\/input>\\n\\t <input type='text' style='display:none;' id='LDTuvid' name='LDTuvid'><\\\/input>\\n\\t <!-- Do not remove this code. -->\\n<\/p>\n<style>\\nhtml,body{\\n\\tmargin: 0px;\\n}\\n\\n<\\\/style>\\n<\/p>\n<div><label for='Email'><span style='font-size:14px; font-family: Poppins; display:none;'>Business Email<\\\/span><\\\/label><\\\/div>\\n<\/p>\n<div><input style='font-size:16px; font-family: Poppins;' type='text' ftype='email' id='Email' name='Email' maxlength='100' placeholder=\\\"Gesch\\u00e4ftsemail\\\"><\\\/input><\\\/div>\\n<\/p>\n<div><label for='LEADCF37'><span style='font-size:14px; font-family: Poppins; display:none;'>Message<\\\/span><\\\/label><\\\/div>\\n<\/p>\n<div><textarea style='font-size:16px; font-family: Poppins;' id='LEADCF37' name='LEADCF37' placeholder=\\\"Ihre Nachricht\\\"><\\\/textarea><\\\/div>\\n<\/p>\n<div class='zcwf_row wfrm_fld_dpNn'><input style='display:none;' type='text' id='Last_Name' value='Solution DE'  name='Last Name' maxlength='80'><\\\/input><\\\/div>\\n<\/p>\n<div class='zcwf_row wfrm_fld_dpNn'><select style='display:none;' id='Lead_Source' name='Lead Source'>\\n\\t\\t\\t<option value='-None-'>-None-<\\\/option>\\n\\t\\t<option selected value='Solution DE'>Solution DE<\\\/option><\\\/select>\\t\\t\\n<\/p>\n<div class='zcwf_row wfrm_fld_dpNn'><select style='display:none;' class='zcwf_col_fld_slt' id='Lead_Status' name='Lead Status'  >\\n\\t\\t\\t<option value='-None-'>-None-<\\\/option>\\n\\t\\t\\t<option value='Lost Lead'>Lost Lead<\\\/option>\\n\\t\\t<option selected value='Not Contacted'>Not Contacted<\\\/option>\\n\\t\\t\\t<option value='Closed'>Closed<\\\/option>\\n\\t\\t\\t<option value='In Progress'>In Progress<\\\/option>\\n\\t\\t\\t<option value='Qualified'>Qualified<\\\/option>\\n\\t\\t\\t<option value='Junk Lead'>Junk Lead<\\\/option>\\n\\t\\t\\t<option value='Not Qualified'>Not Qualified<\\\/option>\\n\\t\\t<\\\/select><\/p>\n<div class='zcwf_col_help'><\\\/div><\\\/div><\\\/div><\/p>\n<div class='zcwf_row'>\n<div class='zcwf_col_lab'><\\\/div><\/p>\n<div class='zcwf_col_fld'><input type='submit' id='formsubmit' class='el-content uk-button uk-button-default uk-flex-inline uk-flex-center uk-flex-middle' value='Absenden' title='Submit'><\\\/div><\\\/div>\\n\\t<script>\\n\\tfunction validateEmail1989809000073101005()\\n\\t{\\n\\t\\tvar form = document.forms['WebToLeads1989809000073101005'];\\n\\t\\tvar emailFld = form.querySelectorAll('[ftype=email]');\\n\\t\\tvar i;\\n\\t\\tfor (i = 0; i < emailFld.length; i++)\\n\\t\\t{\\n\\t\\t\\tvar emailVal = emailFld[i].value;\\n\\t\\t\\tif((emailVal.replace(\\\/^s+|s+$\\\/g, '')).length!=0 )\\n\\t\\t\\t{\\n\\t\\t\\t\\tvar atpos=emailVal.indexOf('@');\\n\\t\\t\\t\\tvar dotpos=emailVal.lastIndexOf('.');\\n\\t\\t\\t\\tif (atpos<1 || dotpos<atpos+2 || dotpos+2>=emailVal.length)\\n\\t\\t\\t\\t{\\n\\t\\t\\t\\t\\talert('Please enter a valid email address. ');\\n\\t\\t\\t\\t\\temailFld[i].focus();\\n\\t\\t\\t\\t\\treturn false;\\n\\t\\t\\t\\t}\\n\\t\\t\\t}\\n\\t\\t}\\n\\t\\treturn true;\\n\\t}\\n\\n \\t  function checkMandatory1989809000073101005() {\\n\\t\\tvar mndFileds = new Array('Last Name','Email');\\n\\t\\tvar fldLangVal = new Array('Lastx20Name','GeschxE4ftsmail');\\n\\t\\tfor(i=0;i<mndFileds.length;i++) {\\n\\t\\t  var fieldObj=document.forms['WebToLeads1989809000073101005'][mndFileds[i]];\\n\\t\\t  if(fieldObj) {\\n\\t\\t\\tif (((fieldObj.value).replace(\\\/^s+|s+$\\\/g, '')).length==0) {\\n\\t\\t\\t if(fieldObj.type =='file')\\n\\t\\t\\t\\t{ \\n\\t\\t\\t\\t alert('Please select a file to upload.'); \\n\\t\\t\\t\\t fieldObj.focus(); \\n\\t\\t\\t\\t return false;\\n\\t\\t\\t\\t} \\n\\t\\t\\talert(fldLangVal[i] +' cannot be empty.'); \\n   \\t   \\t  \\t  fieldObj.focus();\\n   \\t   \\t  \\t  return false;\\n\\t\\t\\t}  else if(fieldObj.nodeName=='SELECT') {\\n  \\t   \\t   \\t if(fieldObj.options[fieldObj.selectedIndex].value=='-None-') {\\n\\t\\t\\t\\talert(fldLangVal[i] +' cannot be none.'); \\n\\t\\t\\t\\tfieldObj.focus();\\n\\t\\t\\t\\treturn false;\\n\\t\\t\\t   }\\n\\t\\t\\t} else if(fieldObj.type =='checkbox'){\\n \\t \\t \\t if(fieldObj.checked == false){\\n\\t\\t\\t\\talert('Please accept  '+fldLangVal[i]);\\n\\t\\t\\t\\tfieldObj.focus();\\n\\t\\t\\t\\treturn false;\\n\\t\\t\\t   } \\n\\t\\t\\t } \\n\\t\\t\\t try {\\n\\t\\t\\t     if(fieldObj.name == 'Last Name') {\\n\\t\\t\\t\\tname = fieldObj.value;\\n \\t \\t \\t    }\\n\\t\\t\\t} catch (e) {}\\n\\t\\t    }\\n\\t\\t}\\n\\t\\ttrackVisitor();\\n\\t\\tif(!validateEmail1989809000073101005()){return false;}\\n\\t\\tdocument.querySelector('.crmWebToEntityForm .formsubmit').setAttribute('disabled', true);\\n\\t}\\n\\nfunction tooltipShow1989809000073101005(el){\\n\\tvar tooltip = el.nextElementSibling;\\n\\tvar tooltipDisplay = tooltip.style.display;\\n\\tif(tooltipDisplay == 'none'){\\n\\t\\tvar allTooltip = document.getElementsByClassName('zcwf_tooltip_over');\\n\\t\\tfor(i=0; i<allTooltip.length; i++){\\n\\t\\t\\tallTooltip[i].style.display='none';\\n\\t\\t}\\n\\t\\ttooltip.style.display = 'block';\\n\\t}else{\\n\\t\\ttooltip.style.display='none';\\n\\t}\\n}\\n<\\\/script>\\n\\t<!-- Do not remove this --- Analytics Tracking code starts --><script id='wf_anal' src='https:\\\/\\\/crm.zohopublic.com\\\/crm\\\/WebFormAnalyticsServeServlet?rid=6ff8a91d0a6aeeed424181fbbeb4622d1c8a9c907305640f5863b72c4ad68e46gidfbacea62a2c11bb602e29a9f24087c2403c6b254a5586ba34c44d572eb1acc0dgid885e3c1045bd9bdcc91bdf30f82b5696gid14f4ec16431e0686150daa43f3210513'><\\\/script><!-- Do not remove this --- Analytics Tracking code ends. --><\\\/form>\\n<\\\/div>\",\"margin\":\"default\",\"position\":\"relative\",\"position_left\":\"-120\"}}]}]}],\"name\":\"contact\"}],\"version\":\"4.4.5\"} --><\/p>\n","protected":false},"excerpt":{"rendered":"<p>PITSS L\u00f6sungen bieten eine ma\u00dfgeschneiderte Optimierung und Modernisierung von Oracle Anwendungen Unsere L\u00f6sungen beschleunigen und sichern Ihren Projekterfolg ZU DEN L\u00f6sungen Unsere L\u00f6sungen L\u00f6sungen f\u00fcr die Modernisierung von Oracle Forms, die Migration zu modernen Zieltechnologien wie Oracle APEX oder JasperReports und die digitale Prozessoptimierung Forms nach APEX Die schnellste &#038; zuverl\u00e4ssigste L\u00f6sung f\u00fcr die Migration [&hellip;]<\/p>\n","protected":false},"author":1,"featured_media":0,"parent":0,"menu_order":0,"comment_status":"closed","ping_status":"closed","template":"","meta":{"footnotes":""},"class_list":["post-3180","page","type-page","status-publish","hentry"],"_links":{"self":[{"href":"https:\/\/pitss.com\/de\/wp-json\/wp\/v2\/pages\/3180","targetHints":{"allow":["GET"]}}],"collection":[{"href":"https:\/\/pitss.com\/de\/wp-json\/wp\/v2\/pages"}],"about":[{"href":"https:\/\/pitss.com\/de\/wp-json\/wp\/v2\/types\/page"}],"author":[{"embeddable":true,"href":"https:\/\/pitss.com\/de\/wp-json\/wp\/v2\/users\/1"}],"replies":[{"embeddable":true,"href":"https:\/\/pitss.com\/de\/wp-json\/wp\/v2\/comments?post=3180"}],"version-history":[{"count":89,"href":"https:\/\/pitss.com\/de\/wp-json\/wp\/v2\/pages\/3180\/revisions"}],"predecessor-version":[{"id":6407,"href":"https:\/\/pitss.com\/de\/wp-json\/wp\/v2\/pages\/3180\/revisions\/6407"}],"wp:attachment":[{"href":"https:\/\/pitss.com\/de\/wp-json\/wp\/v2\/media?parent=3180"}],"curies":[{"name":"wp","href":"https:\/\/api.w.org\/{rel}","templated":true}]}}