{"id":3169,"date":"2024-07-25T14:22:44","date_gmt":"2024-07-25T14:22:44","guid":{"rendered":"https:\/\/pitss.bow-labs.de\/migration-reports-to-jasper\/"},"modified":"2025-01-07T15:35:08","modified_gmt":"2025-01-07T15:35:08","slug":"migration-reports-to-jasper","status":"publish","type":"page","link":"https:\/\/pitss.com\/de\/solutions\/migration-reports-to-jasper\/","title":{"rendered":"REPORTS TO JASPER"},"content":{"rendered":"<h1><span style=\"color: #000000;\">PITSS.CON Reports-2-Jasper<\/span><\/h1>\n<div>\n<h4 style=\"color: #000000;\">Oracle Reports innerhalb des Budgets <br \/>nach<br \/>\nJaspersoft migrieren<\/h3>\n<\/div>\n<p><a href=\"\/products\/engineer\/\"><img decoding=\"async\" src=\"\/wp-content\/uploads\/2024\/12\/Engineer-Kachel.png\" alt=\"\"><\/a><\/p>\n<div><a href=\"\/products\/engineer\/\"><span style=\"color: #000000;\">PITSS.CON <br \/>Engineer<\/span><\/a><\/div>\n<p><a href=\"\/products\/analyzer\/\"><img decoding=\"async\" src=\"\/wp-content\/uploads\/2024\/12\/Analyzer-Kachel.png\" alt=\"\"><\/a><\/p>\n<div><a href=\"\/products\/analyzer\/\"><span style=\"color: #000000;\">PITSS.CON<br \/>Analyzer<\/span><\/div>\n<p><a href=\"\/products\/reports2jasper-modeler\/\"><img decoding=\"async\" src=\"\/wp-content\/uploads\/2024\/12\/R2J-Kachel.png\" alt=\"\"><\/a><\/p>\n<div><a href=\"\/products\/reports2jasper-modeler\/\"><span style=\"color: #000000;\">Reports2Jasper<br \/>Modeler <\/span><\/a><\/div>\n<h1>\n<h2 style=\"text-align: center;\">Warum sollten Sie Oracle Reports<br \/>nach <span style=\"color:#ff941a;\">Jaspersoft <\/span> migrieren<\/h2>\n<\/h1>\n<p><img decoding=\"async\" src=\"\/wp-content\/uploads\/2024\/07\/Icons-Reports2Jasper.webp\" alt=\"\"><\/p>\n<div>\n<h4 style=\"text-align: center;\">Support behalten &#038; zukunftsf\u00e4hig bleiben<\/h4>\n<p style=\"text-align: center;\">Der Support f\u00fcr Oracle Reports ist abgek\u00fcndigt. Der Wechsel zu Jaspersoft stellt sicher, dass Ihre Anwendung weiterhin supported bleibt..<\/p>\n<\/div>\n<p><img decoding=\"async\" src=\"\/wp-content\/uploads\/2024\/07\/Icons-Reports2Jasper2.webp\" alt=\"\"><\/p>\n<div>\n<h4 style=\"text-align: center;\">Leistungsstarkes<br \/> Reporting-Tool<br \/>\n<\/h4>\n<p style=\"text-align: center;\">Meistgenutzte Open-Source Technologie basierend auf Java und ist leicht erweiterbar..<\/p>\n<\/div>\n<p><img decoding=\"async\" src=\"\/wp-content\/uploads\/2024\/07\/Icons-Reports2Jasper4.webp\" alt=\"\"><\/p>\n<div>\n<h4 style=\"text-align: center;\">Einfache &#038; vielseitige <br \/>Integration<\/h4>\n<p style=\"text-align: center;\">\nNicht nur f\u00fcr Forms und WLS, Sie k\u00f6nnen Jaspersoft in jeder Art von Framework und Infrastruktur einsetzen..<\/p>\n<\/div>\n<h1>\n<h2 style=\"text-align: center; \">Was Jaspersoft und Kunden<br \/>\u00fcber  <span style=\"color:#ff941a;\">JASPERSOFT<\/span> sagen<\/h2>\n<\/h1>\n<ul>\n<li>\n<p><img decoding=\"async\" src=\"\/wp-content\/uploads\/2024\/07\/TIBCO-Jaspersoft2-1.webp\" alt=\"\"><\/p>\n<div>\n<blockquote><p>\n\u201cDie von Jaspersoft\u00ae eingebettete Analysesoftware ist die flexibelste, am besten anzupassende und entwicklerfreundlichste Business Intelligence-Plattform der Welt.\u201d\n<\/p><\/blockquote>\n<\/div>\n<\/li>\n<li>\n<p><img decoding=\"async\" src=\"\/wp-content\/uploads\/2024\/07\/Energiebranche.webp\" alt=\"\"><\/p>\n<div>\n<blockquote>\n<p>\u201eMit dem Workshop zu Oracle Reports nach Jaspersoft hat die PITSS ein ausgezeichnetes Format geschaffen, das all unsere Fragen bzgl. einer Migration nach Jaspersoft beantworten konnte.\u201d<\/p>\n<\/blockquote>\n<\/div>\n<\/li>\n<\/ul>\n<h1>\n<h2 style=\"text-align: center;\">Unsere einzigartige Methodik \u2013<br \/>f\u00fcr <span style=\"color: #f78312\">maximale Effizienz<\/span><\/h2>\n<\/h1>\n<div>\n<p style=\"text-align: center;\">PITSS bietet mit einzigartigen Automatisierungen die intelligenteste<br \/>\n<br \/>L\u00f6sung f\u00fcr einfachste Migration und Modernisierung von Oracle Reports.<\/p>\n<\/div>\n<p><img decoding=\"async\" src=\"\/wp-content\/uploads\/2024\/07\/Methodik-Kacheln.webp\" alt=\"\"><\/p>\n<div>\n<p style=\"text-align: center;\"><strong>1.<\/strong><br \/>360\u00b0 Analysis<\/p>\n<\/div>\n<p><img decoding=\"async\" src=\"\/wp-content\/uploads\/2024\/07\/Methodik-Kacheln2.webp\" alt=\"\"><\/p>\n<div>\n<p style=\"text-align: center;\"><strong>2.<\/strong><br \/>Prepare, Refactor<br \/>Customize Design<\/p>\n<\/div>\n<p><img decoding=\"async\" src=\"\/wp-content\/uploads\/2024\/07\/Methodik-Kacheln3.webp\" alt=\"\"><\/p>\n<div>\n<p style=\"text-align: center;\"><strong>3.<\/strong><br \/>Generate<\/p>\n<\/div>\n<p><img decoding=\"async\" src=\"\/wp-content\/uploads\/2024\/07\/Methodik-Kacheln4.webp\" alt=\"\"><\/p>\n<div>\n<p style=\"text-align: center;\"><strong>4.<\/strong><br \/>Fine Tuning,<br \/>Optimization<\/p>\n<\/div>\n<p><img decoding=\"async\" src=\"\/wp-content\/uploads\/2024\/07\/Methodik-Kacheln5.webp\" alt=\"\"><\/p>\n<div>\n<p style=\"text-align: center;\"><strong>5.<\/strong><br \/>Automated Testing, Rollout, Tracking<\/p>\n<\/div>\n<p>\n    <a href=\"\/kontakt\">Contact<\/a>\n<\/p>\n<p><!--more--><br \/>\n<!-- {\"type\":\"layout\",\"children\":[{\"type\":\"section\",\"props\":{\"height\":\"pixels\",\"height_viewport\":736,\"image\":\"wp-content\\\/uploads\\\/2024\\\/07\\\/Header-Reports2Jasper2000x950px.webp\",\"image_position\":\"center-center\",\"image_size\":\"cover\",\"padding\":\"xlarge\",\"style\":\"default\",\"title_breakpoint\":\"xl\",\"title_position\":\"top-left\",\"title_rotation\":\"left\",\"vertical_align\":\"middle\",\"width\":\"default\"},\"children\":[{\"type\":\"row\",\"children\":[{\"type\":\"column\",\"props\":{\"image_position\":\"center-center\",\"position_sticky_breakpoint\":\"m\"},\"children\":[{\"type\":\"headline\",\"props\":{\"content\":\"<span style=\\\"color: #000000;\\\">PITSS.CON Reports-2-Jasper<\\\/span>\",\"position\":\"relative\",\"position_top\":\"-170\",\"title_element\":\"h1\"}},{\"type\":\"text\",\"props\":{\"column_breakpoint\":\"m\",\"content\":\"\n\n<h4 style=\\\"color: #000000;\\\">Oracle Reports innerhalb des Budgets <br \/>nach\\nJaspersoft migrieren<\\\/h3>\",\"margin\":\"default\",\"position\":\"relative\",\"position_top\":\"-170\"}}]}]},{\"type\":\"row\",\"children\":[{\"type\":\"column\",\"props\":{\"image_position\":\"center-center\",\"position_sticky_breakpoint\":\"m\",\"width_medium\":\"1-2\"},\"children\":[{\"type\":\"image\",\"props\":{\"css\":\".el-element {margin-bottom: 5px !important;}\",\"image\":\"wp-content\\\/uploads\\\/2024\\\/12\\\/Engineer-Kachel.png\",\"image_border\":\"rounded\",\"image_svg_color\":\"emphasis\",\"image_width\":180,\"link\":\"products\\\/engineer\\\/\",\"margin\":\"default\",\"text_align\":\"center\"}},{\"type\":\"text\",\"props\":{\"column_breakpoint\":\"m\",\"content\":\"<a href=\\\"products\\\/engineer\\\/\\\"><span style=\\\"color: #000000;\\\">PITSS.CON <br \/>Engineer<\\\/span><\\\/a>\",\"css\":\".el-element {margin-top: 5px !important;\\nline-height: 1.3}\",\"margin\":\"default\",\"text_align\":\"center\"}}]},{\"type\":\"column\",\"props\":{\"image_position\":\"center-center\",\"position_sticky_breakpoint\":\"m\",\"width_medium\":\"1-2\"},\"children\":[{\"type\":\"image\",\"props\":{\"css\":\".el-element {margin-bottom: 5px !important;}\",\"image\":\"wp-content\\\/uploads\\\/2024\\\/12\\\/Analyzer-Kachel.png\",\"image_border\":\"rounded\",\"image_svg_color\":\"emphasis\",\"image_width\":180,\"link\":\"products\\\/analyzer\\\/\",\"margin\":\"default\",\"text_align\":\"center\"}},{\"type\":\"text\",\"props\":{\"column_breakpoint\":\"m\",\"content\":\"<a href=\\\"products\\\/analyzer\\\/\\\"><span style=\\\"color: #000000;\\\">PITSS.CON<br \/>Analyzer<\\\/span>\",\"css\":\".el-element {margin-top: 5px !important;\\nline-height: 1.3}\",\"margin\":\"default\",\"text_align\":\"center\"}}]}],\"props\":{\"css\":\".el-row {max-width: 540px; margin-top: -120px; }\",\"layout\":\"1-2,1-2\"}},{\"type\":\"row\",\"children\":[{\"type\":\"column\",\"props\":{\"image_position\":\"center-center\",\"position_sticky_breakpoint\":\"m\"},\"children\":[{\"type\":\"image\",\"props\":{\"css\":\".el-element {margin-bottom: 5px !important;}\",\"image\":\"wp-content\\\/uploads\\\/2024\\\/12\\\/R2J-Kachel.png\",\"image_border\":\"rounded\",\"image_svg_color\":\"emphasis\",\"image_width\":180,\"link\":\"products\\\/reports2jasper-modeler\\\/\",\"margin\":\"default\",\"text_align\":\"center\"}},{\"type\":\"text\",\"props\":{\"column_breakpoint\":\"m\",\"content\":\"<a href=\\\"\\\/products\\\/reports2jasper-modeler\\\/\\\"><span style=\\\"color: #000000;\\\">Reports2Jasper<br \/>Modeler <\\\/span><\\\/a>\",\"css\":\".el-element {margin-top: 5px !important;\\nline-height: 1.3}\",\"margin\":\"default\",\"text_align\":\"center\"}}]}],\"props\":{\"css\":\".el-row {max-width: 540px; margin-top: 20px; }\"}}],\"name\":\"Header_4-Kacheln\"},{\"type\":\"section\",\"props\":{\"image_position\":\"center-center\",\"style\":\"default\",\"title_breakpoint\":\"xl\",\"title_position\":\"top-left\",\"title_rotation\":\"left\",\"vertical_align\":\"middle\",\"width\":\"default\"},\"children\":[{\"type\":\"row\",\"children\":[{\"type\":\"column\",\"props\":{\"image_position\":\"center-center\",\"position_sticky_breakpoint\":\"m\"},\"children\":[{\"type\":\"headline\",\"props\":{\"content\":\"\n\n<h2 style=\\\"text-align: center;\\\">Warum sollten Sie Oracle Reports<br \/>nach <span style=\\\"color:#ff941a;\\\">Jaspersoft <\\\/span> migrieren<\\\/h2>\",\"title_element\":\"h1\"}}]}]},{\"type\":\"row\",\"props\":{\"layout\":\"1-3,1-3,1-3\"},\"children\":[{\"type\":\"column\",\"props\":{\"image_position\":\"center-center\",\"position_sticky_breakpoint\":\"m\",\"width_medium\":\"1-3\"},\"children\":[{\"type\":\"image\",\"props\":{\"image\":\"wp-content\\\/uploads\\\/2024\\\/07\\\/Icons-Reports2Jasper.webp\",\"image_height\":120,\"image_svg_color\":\"emphasis\",\"margin\":\"default\",\"text_align\":\"center\"}},{\"type\":\"text\",\"props\":{\"column_breakpoint\":\"m\",\"content\":\"\n\n<h4 style=\\\"text-align: center;\\\">Support behalten & zukunftsf\\u00e4hig bleiben<\\\/h4>\\n\\n\n\n<p style=\\\"text-align: center;\\\"><br \\\/>Der Support f\\u00fcr Oracle Reports ist abgek\\u00fcndigt. Der Wechsel zu Jaspersoft stellt sicher, dass Ihre Anwendung weiterhin supported bleibt..<\\\/p>\\n\",\"margin\":\"default\"}}]},{\"type\":\"column\",\"props\":{\"image_position\":\"center-center\",\"position_sticky_breakpoint\":\"m\",\"width_medium\":\"1-3\"},\"children\":[{\"type\":\"image\",\"props\":{\"image\":\"wp-content\\\/uploads\\\/2024\\\/07\\\/Icons-Reports2Jasper2.webp\",\"image_height\":120,\"image_svg_color\":\"emphasis\",\"margin\":\"default\",\"text_align\":\"center\"}},{\"type\":\"text\",\"props\":{\"column_breakpoint\":\"m\",\"content\":\"\\n\n\n<h4 style=\\\"text-align: center;\\\">Leistungsstarkes<br \/> Reporting-Tool\\n<\\\/h4>\\n\\n\n\n<p style=\\\"text-align: center;\\\"><br \\\/>Meistgenutzte Open-Source Technologie basierend auf Java und ist leicht erweiterbar..<\\\/p>\\n\",\"margin\":\"default\"}}]},{\"type\":\"column\",\"props\":{\"image_position\":\"center-center\",\"position_sticky_breakpoint\":\"m\",\"width_medium\":\"1-3\"},\"children\":[{\"type\":\"image\",\"props\":{\"image\":\"wp-content\\\/uploads\\\/2024\\\/07\\\/Icons-Reports2Jasper4.webp\",\"image_height\":120,\"image_svg_color\":\"emphasis\",\"margin\":\"default\",\"text_align\":\"center\"}},{\"type\":\"text\",\"props\":{\"column_breakpoint\":\"m\",\"content\":\"\\n\n\n<h4 style=\\\"text-align: center;\\\">Einfache & vielseitige <br \/>Integration<\\\/h4>\\n\\n\n\n<p style=\\\"text-align: center;\\\"><br \\\/>\\nNicht nur f\\u00fcr Forms und WLS, Sie k\\u00f6nnen Jaspersoft in jeder Art von Framework und Infrastruktur einsetzen..<\\\/p>\\n\",\"margin\":\"default\"}}]}]}]},{\"type\":\"section\",\"props\":{\"css\":\".el-section{\\n    background:#fafafa;\\n}\",\"image_position\":\"center-center\",\"style\":\"default\",\"title_breakpoint\":\"xl\",\"title_position\":\"top-left\",\"title_rotation\":\"left\",\"vertical_align\":\"middle\",\"width\":\"default\"},\"children\":[{\"type\":\"row\",\"children\":[{\"type\":\"column\",\"props\":{\"image_position\":\"center-center\",\"position_sticky_breakpoint\":\"m\"},\"children\":[{\"type\":\"headline\",\"props\":{\"content\":\"\n\n<h2 style=\\\"text-align: center; \\\">Was Jaspersoft und Kunden<br \/>\\u00fcber  <span style=\\\"color:#ff941a;\\\">JASPERSOFT<\\\/span> sagen<\\\/h2>\",\"title_element\":\"h1\"}}]}]},{\"type\":\"row\",\"children\":[{\"type\":\"column\",\"props\":{\"image_position\":\"center-center\",\"position_sticky_breakpoint\":\"m\"},\"children\":[{\"name\":\"Grid Panel Style Card\",\"type\":\"grid\",\"children\":[{\"type\":\"grid_item\",\"props\":{\"content\":\"\n\n<blockquote>\\n\\u201cDie von Jaspersoft\\u00ae eingebettete Analysesoftware ist die flexibelste, am besten anzupassende und entwicklerfreundlichste Business Intelligence-Plattform der Welt.\\u201d\\n<\\\/blockquote>\",\"image\":\"wp-content\\\/uploads\\\/2024\\\/07\\\/TIBCO-Jaspersoft2-1.webp\",\"meta\":\"\",\"title\":\"\"}},{\"type\":\"grid_item\",\"props\":{\"content\":\"\n\n<blockquote>\\n\n\n<p>\\u201eMit dem Workshop zu Oracle Reports nach Jaspersoft hat die PITSS ein ausgezeichnetes Format geschaffen, das all unsere Fragen bzgl. einer Migration nach Jaspersoft beantworten konnte.\\u201d<\\\/p>\\n<\\\/blockquote>\",\"image\":\"wp-content\\\/uploads\\\/2024\\\/07\\\/Energiebranche.webp\",\"meta\":\"\",\"title\":\"\"}}],\"props\":{\"content_column_breakpoint\":\"m\",\"content_margin\":\"small\",\"css\":\" .uk-card-body { text-align: center;\\n        padding: 15px 15px;\\n    }\",\"filter_align\":\"left\",\"filter_all\":true,\"filter_grid_breakpoint\":\"m\",\"filter_grid_width\":\"auto\",\"filter_position\":\"top\",\"filter_style\":\"tab\",\"grid_column_align\":true,\"grid_default\":\"1\",\"grid_large\":\"2\",\"grid_medium\":\"3\",\"grid_small\":\"2\",\"icon_width\":80,\"image_align\":\"between\",\"image_grid_breakpoint\":\"m\",\"image_grid_width\":\"1-2\",\"image_link\":true,\"image_svg_color\":\"emphasis\",\"item_animation\":true,\"link_style\":\"text\",\"link_text\":\"Read More\",\"margin\":\"remove-vertical\",\"meta_align\":\"above-title\",\"meta_element\":\"div\",\"meta_style\":\"text-meta\",\"panel_image_no_padding\":true,\"panel_link\":false,\"panel_padding\":\"default\",\"panel_style\":\"card-default\",\"parallax_easing\":\"1\",\"show_content\":true,\"show_image\":true,\"show_link\":true,\"show_meta\":true,\"show_title\":true,\"title_align\":\"top\",\"title_element\":\"h2\",\"title_grid_breakpoint\":\"m\",\"title_grid_width\":\"1-2\",\"title_hover_style\":\"reset\",\"title_link\":true,\"title_margin\":\"small\",\"title_style\":\"h3\"}}]}]}]},{\"type\":\"section\",\"props\":{\"image_position\":\"center-center\",\"style\":\"default\",\"title_breakpoint\":\"xl\",\"title_position\":\"top-left\",\"title_rotation\":\"left\",\"vertical_align\":\"middle\",\"width\":\"default\"},\"children\":[{\"type\":\"row\",\"children\":[{\"type\":\"column\",\"props\":{\"image_position\":\"center-center\",\"position_sticky_breakpoint\":\"m\"},\"children\":[{\"type\":\"headline\",\"props\":{\"content\":\"\n\n<h2 style=\\\"text-align: center;\\\">Unsere einzigartige Methodik \\u2013<br \\\/>f\\u00fcr <span style=\\\"color: #f78312\\\">maximale Effizienz<\\\/span><\\\/h2>\",\"title_element\":\"h1\"}}]}]},{\"type\":\"row\",\"children\":[{\"type\":\"column\",\"props\":{\"image_position\":\"center-center\",\"position_sticky_breakpoint\":\"m\"},\"children\":[{\"type\":\"text\",\"props\":{\"column_breakpoint\":\"m\",\"content\":\"\n\n<p style=\\\"text-align: center;\\\">PITSS bietet mit einzigartigen Automatisierungen die intelligenteste\\n<br \/>L\\u00f6sung f\\u00fcr einfachste Migration und Modernisierung von Oracle Reports.<\\\/p>\",\"margin\":\"default\"}}]}]},{\"type\":\"row\",\"props\":{\"layout\":\"1-5,1-5,1-5,1-5,1-5|1-2,1-2,1-3,1-3,1-3\"},\"children\":[{\"type\":\"column\",\"props\":{\"image_position\":\"center-center\",\"position_sticky_breakpoint\":\"m\",\"width_medium\":\"1-5\",\"width_small\":\"1-2\"},\"children\":[{\"type\":\"image\",\"props\":{\"image\":\"wp-content\\\/uploads\\\/2024\\\/07\\\/Methodik-Kacheln.webp\",\"image_svg_color\":\"emphasis\",\"margin\":\"default\"}},{\"type\":\"text\",\"props\":{\"column_breakpoint\":\"m\",\"content\":\"\n\n<p style=\\\"text-align: center;\\\"><strong>1.<\\\/strong><br \\\/>360\\u00b0 Analysis<\\\/p>\",\"margin\":\"default\"}}]},{\"type\":\"column\",\"props\":{\"image_position\":\"center-center\",\"position_sticky_breakpoint\":\"m\",\"width_medium\":\"1-5\",\"width_small\":\"1-2\"},\"children\":[{\"type\":\"image\",\"props\":{\"image\":\"wp-content\\\/uploads\\\/2024\\\/07\\\/Methodik-Kacheln2.webp\",\"image_svg_color\":\"emphasis\",\"margin\":\"default\"}},{\"type\":\"text\",\"props\":{\"column_breakpoint\":\"m\",\"content\":\"\n\n<p style=\\\"text-align: center;\\\"><strong>2.<\\\/strong><br \\\/>Prepare, Refactor<br \\\/>Customize Design<\\\/p>\",\"margin\":\"default\"}}]},{\"type\":\"column\",\"props\":{\"image_position\":\"center-center\",\"position_sticky_breakpoint\":\"m\",\"width_medium\":\"1-5\",\"width_small\":\"1-3\"},\"children\":[{\"type\":\"image\",\"props\":{\"image\":\"wp-content\\\/uploads\\\/2024\\\/07\\\/Methodik-Kacheln3.webp\",\"image_svg_color\":\"emphasis\",\"margin\":\"default\"}},{\"type\":\"text\",\"props\":{\"column_breakpoint\":\"m\",\"content\":\"\n\n<p style=\\\"text-align: center;\\\"><strong>3.<\\\/strong><br \\\/>Generate<\\\/p>\",\"margin\":\"default\"}}]},{\"type\":\"column\",\"props\":{\"image_position\":\"center-center\",\"position_sticky_breakpoint\":\"m\",\"width_medium\":\"1-5\",\"width_small\":\"1-3\"},\"children\":[{\"type\":\"image\",\"props\":{\"image\":\"wp-content\\\/uploads\\\/2024\\\/07\\\/Methodik-Kacheln4.webp\",\"image_svg_color\":\"emphasis\",\"margin\":\"default\"}},{\"type\":\"text\",\"props\":{\"column_breakpoint\":\"m\",\"content\":\"\n\n<p style=\\\"text-align: center;\\\"><strong>4.<\\\/strong><br \\\/>Fine Tuning,<br \\\/>Optimization<\\\/p>\",\"margin\":\"default\"}}]},{\"type\":\"column\",\"props\":{\"image_position\":\"center-center\",\"position_sticky_breakpoint\":\"m\",\"width_medium\":\"1-5\",\"width_small\":\"1-3\"},\"children\":[{\"type\":\"image\",\"props\":{\"image\":\"wp-content\\\/uploads\\\/2024\\\/07\\\/Methodik-Kacheln5.webp\",\"image_svg_color\":\"emphasis\",\"margin\":\"default\"}},{\"type\":\"text\",\"props\":{\"column_breakpoint\":\"m\",\"content\":\"\n\n<p style=\\\"text-align: center;\\\"><strong>5.<\\\/strong><br \\\/>Automated Testing, Rollout, Tracking<\\\/p>\",\"margin\":\"default\"}}]}]}]},{\"type\":\"section\",\"props\":{\"image_position\":\"center-center\",\"style\":\"default\",\"title_breakpoint\":\"xl\",\"title_position\":\"top-left\",\"title_rotation\":\"left\",\"vertical_align\":\"middle\",\"width\":\"default\"},\"children\":[{\"type\":\"row\",\"children\":[{\"type\":\"column\",\"props\":{\"image_position\":\"center-center\",\"position_sticky_breakpoint\":\"m\"},\"children\":[{\"type\":\"button\",\"props\":{\"css\":\".el-element {\\nposition: fixed;\\nright: 0;\\ntop: 24%;\\nz-index: 1;\\n}\",\"grid_column_gap\":\"small\",\"grid_row_gap\":\"small\",\"margin\":\"default\"},\"children\":[{\"type\":\"button_item\",\"props\":{\"button_style\":\"default\",\"content\":\"Contact\",\"icon_align\":\"left\",\"link\":\"kontakt\"}}]}]}]}]}],\"version\":\"4.4.5\"} --><\/p>\n","protected":false},"excerpt":{"rendered":"<p>PITSS.CON Reports-2-Jasper Oracle Reports innerhalb des Budgets nach Jaspersoft migrieren PITSS.CON Engineer PITSS.CONAnalyzer Reports2JasperModeler Warum sollten Sie Oracle Reportsnach Jaspersoft migrieren Support behalten &#038; zukunftsf\u00e4hig bleiben Der Support f\u00fcr Oracle Reports ist abgek\u00fcndigt. Der Wechsel zu Jaspersoft stellt sicher, dass Ihre Anwendung weiterhin supported bleibt.. Leistungsstarkes Reporting-Tool Meistgenutzte Open-Source Technologie basierend auf Java und ist [&hellip;]<\/p>\n","protected":false},"author":1,"featured_media":0,"parent":10208,"menu_order":0,"comment_status":"closed","ping_status":"closed","template":"","meta":{"footnotes":""},"class_list":["post-3169","page","type-page","status-publish","hentry"],"_links":{"self":[{"href":"https:\/\/pitss.com\/de\/wp-json\/wp\/v2\/pages\/3169","targetHints":{"allow":["GET"]}}],"collection":[{"href":"https:\/\/pitss.com\/de\/wp-json\/wp\/v2\/pages"}],"about":[{"href":"https:\/\/pitss.com\/de\/wp-json\/wp\/v2\/types\/page"}],"author":[{"embeddable":true,"href":"https:\/\/pitss.com\/de\/wp-json\/wp\/v2\/users\/1"}],"replies":[{"embeddable":true,"href":"https:\/\/pitss.com\/de\/wp-json\/wp\/v2\/comments?post=3169"}],"version-history":[{"count":11,"href":"https:\/\/pitss.com\/de\/wp-json\/wp\/v2\/pages\/3169\/revisions"}],"predecessor-version":[{"id":3212,"href":"https:\/\/pitss.com\/de\/wp-json\/wp\/v2\/pages\/3169\/revisions\/3212"}],"up":[{"embeddable":true,"href":"https:\/\/pitss.com\/de\/wp-json\/wp\/v2\/pages\/10208"}],"wp:attachment":[{"href":"https:\/\/pitss.com\/de\/wp-json\/wp\/v2\/media?parent=3169"}],"curies":[{"name":"wp","href":"https:\/\/api.w.org\/{rel}","templated":true}]}}